{"id":5677,"date":"2022-06-22T16:44:15","date_gmt":"2022-06-22T16:44:15","guid":{"rendered":"https:\/\/www.ets-bertrand.com\/ets-bertrandmacchine-e-forniture-per-produttori-della-molluschicoltura\/"},"modified":"2025-05-22T21:52:22","modified_gmt":"2025-05-22T21:52:22","slug":"ets-bertrandmacchine-e-forniture-per-produttori-della-molluschicoltura","status":"publish","type":"page","link":"https:\/\/www.ets-bertrand.com\/it\/","title":{"rendered":"ETS BERTRAND"},"content":{"rendered":"<p>[et_pb_section fb_built=&#8221;1&#8243; fullwidth=&#8221;on&#8221; admin_label=&#8221;Hero&#8221; _builder_version=&#8221;4.19.4&#8243; background_image=&#8221;https:\/\/www.ets-bertrand.com\/wp-content\/uploads\/2022\/10\/003.jpg&#8221; collapsed=&#8221;off&#8221; global_colors_info=&#8221;{}&#8221;][et_pb_fullwidth_header title=&#8221;Vendita di materiali maritimi professionali&#8221; logo_image_url=&#8221;https:\/\/www.ets-bertrand.com\/wp-content\/uploads\/2022\/06\/logo-blanc.png&#8221; content_max_width=&#8221;700px&#8221; _builder_version=&#8221;4.21.0&#8243; title_font=&#8221;Playfair Display|700|||||||&#8221; title_font_size=&#8221;52px&#8221; title_line_height=&#8221;1.5em&#8221; content_font_size=&#8221;18px&#8221; subhead_font=&#8221;Lato|700|||||||&#8221; subhead_font_size=&#8221;30px&#8221; subhead_line_height=&#8221;1.8em&#8221; background_color=&#8221;rgba(0,0,0,0)&#8221; use_background_color_gradient=&#8221;on&#8221; background_color_gradient_direction=&#8221;220deg&#8221; background_color_gradient_stops=&#8221;rgba(53,80,160,0.27) 0%|#4258f9 59%&#8221; background_color_gradient_overlays_image=&#8221;on&#8221; background_color_gradient_start=&#8221;rgba(53,80,160,0.27)&#8221; background_color_gradient_end=&#8221;#415af5&#8243; custom_button_one=&#8221;on&#8221; button_one_text_size=&#8221;16px&#8221; button_one_text_color=&#8221;#3550a0&#8243; button_one_bg_color=&#8221;#ffffff&#8221; button_one_border_width=&#8221;10px&#8221; button_one_border_color=&#8221;rgba(210,159,104,0)&#8221; button_one_border_radius=&#8221;100px&#8221; button_one_font=&#8221;Lato|900|||||||&#8221; button_one_use_icon=&#8221;off&#8221; custom_button_two=&#8221;on&#8221; button_two_text_size=&#8221;16px&#8221; button_two_text_color=&#8221;#ffffff&#8221; button_two_bg_color=&#8221;rgba(255,255,255,0.15)&#8221; button_two_border_width=&#8221;10px&#8221; button_two_border_color=&#8221;rgba(210,159,104,0)&#8221; button_two_border_radius=&#8221;100px&#8221; button_two_font=&#8221;Lato|900|||||||&#8221; button_two_use_icon=&#8221;off&#8221; min_height=&#8221;556.7px&#8221; custom_margin=&#8221;||-6px|||&#8221; custom_padding=&#8221;5vw||6vw||false|&#8221; custom_padding_tablet=&#8221;20vw||20vw||true&#8221; custom_padding_phone=&#8221;20vw||20vw||true&#8221; custom_padding_last_edited=&#8221;on|desktop&#8221; title_font_size_tablet=&#8221;50px&#8221; title_font_size_phone=&#8221;32px&#8221; title_font_size_last_edited=&#8221;on|tablet&#8221; button_one_text_color_hover=&#8221;#3550a0&#8243; button_two_text_color_hover=&#8221;#ffffff&#8221; button_one_bg_color_hover=&#8221;rgba(255,255,255,0.8)&#8221; button_two_bg_color_hover=&#8221;rgba(255,255,255,0.3)&#8221; global_colors_info=&#8221;{}&#8221; button_one_text_size__hover_enabled=&#8221;off&#8221; button_two_text_size__hover_enabled=&#8221;off&#8221; button_one_text_color__hover_enabled=&#8221;on&#8221; button_one_text_color__hover=&#8221;#3550a0&#8243; button_two_text_color__hover_enabled=&#8221;on&#8221; button_two_text_color__hover=&#8221;#ffffff&#8221; button_one_border_width__hover_enabled=&#8221;off&#8221; button_two_border_width__hover_enabled=&#8221;off&#8221; button_one_border_color__hover_enabled=&#8221;off&#8221; button_two_border_color__hover_enabled=&#8221;off&#8221; button_one_border_radius__hover_enabled=&#8221;off&#8221; button_two_border_radius__hover_enabled=&#8221;off&#8221; button_one_letter_spacing__hover_enabled=&#8221;off&#8221; button_two_letter_spacing__hover_enabled=&#8221;off&#8221; button_one_bg_color__hover_enabled=&#8221;on&#8221; button_one_bg_color__hover=&#8221;rgba(255,255,255,0.8)&#8221; button_two_bg_color__hover_enabled=&#8221;on&#8221; button_two_bg_color__hover=&#8221;rgba(255,255,255,0.3)&#8221;]<\/p>\n<p>Situato nel cuore del pi\u00f9 importante bacino ostreario francese, l&#8217;azienda Bertrand consegna in tutta la Francia e tutto il mondo. Tavole ostriche su misura ma anche macchine per la molluschicoltura come vibrovaglii, vasche di sbollentatura, isaccatrici, raccogliatrici di larve e l&#8217;azienda Bertrand \u00e8 anche specialist\u00e0 nella reggiatura ed il pompaggio di acqua di mare (installazione et riparatura).<\/p>\n<p>[\/et_pb_fullwidth_header][\/et_pb_section][et_pb_section fb_built=&#8221;1&#8243; _builder_version=&#8221;4.18.0&#8243; _module_preset=&#8221;default&#8221; custom_margin=&#8221;5px|||||&#8221; custom_padding=&#8221;||2px|||&#8221; global_colors_info=&#8221;{}&#8221;][et_pb_row _builder_version=&#8221;4.18.0&#8243; _module_preset=&#8221;default&#8221; global_colors_info=&#8221;{}&#8221;][et_pb_column type=&#8221;4_4&#8243; _builder_version=&#8221;4.18.0&#8243; _module_preset=&#8221;default&#8221; global_colors_info=&#8221;{}&#8221;][et_pb_text _builder_version=&#8221;4.19.4&#8243; _module_preset=&#8221;597f884b-6b5a-40bf-8ee8-db1ab2c6cd2a&#8221; global_colors_info=&#8221;{}&#8221;]<\/p>\n<p class=\"p2\"><span class=\"s1\"><span class=\"Apple-converted-space\"> <\/span><\/span>Un&#8217;esperienza da oltre 60 anni<span class=\"Apple-converted-space\"> <\/span><\/p>\n<p>[\/et_pb_text][\/et_pb_column][\/et_pb_row][\/et_pb_section][et_pb_section fb_built=&#8221;1&#8243; admin_label=&#8221;Services&#8221; _builder_version=&#8221;4.17.4&#8243; custom_padding=&#8221;37px||1px|||&#8221; locked=&#8221;off&#8221; global_colors_info=&#8221;{}&#8221;][et_pb_row column_structure=&#8221;1_4,1_4,1_4,1_4&#8243; use_custom_gutter=&#8221;on&#8221; gutter_width=&#8221;1&#8243; custom_padding_last_edited=&#8221;off|desktop&#8221; _builder_version=&#8221;4.19.4&#8243; background_color=&#8221;#e1e2e8&#8243; module_alignment=&#8221;center&#8221; custom_margin=&#8221;20px|225px|20px|auto|true|&#8221; custom_padding=&#8221;0px||0px||true&#8221; custom_padding_phone=&#8221;10px||10px||true&#8221; animation_style=&#8221;slide&#8221; animation_direction=&#8221;right&#8221; animation_intensity_slide=&#8221;1%&#8221; locked=&#8221;off&#8221; global_colors_info=&#8221;{}&#8221;][et_pb_column type=&#8221;1_4&#8243; _builder_version=&#8221;4.16&#8243; custom_padding=&#8221;|||&#8221; global_colors_info=&#8221;{}&#8221; custom_padding__hover=&#8221;|||&#8221;][et_pb_blurb title=&#8221;Macchine per la molluschicoltura&#8221; image=&#8221;https:\/\/www.ets-bertrand.com\/wp-content\/uploads\/2022\/06\/oyster.png&#8221; image_icon_width=&#8221;62px&#8221; _builder_version=&#8221;4.19.4&#8243; header_font=&#8221;Police texte &#8211; Oblivian|700|||||||&#8221; header_text_color=&#8221;#4258F9&#8243; header_line_height=&#8221;1.5em&#8221; background_color=&#8221;#f9fafc&#8221; text_orientation=&#8221;center&#8221; custom_padding=&#8221;40px|20px|40px|20px|true|true&#8221; custom_padding_tablet=&#8221;&#8221; custom_padding_phone=&#8221;20px||20px||true&#8221; custom_padding_last_edited=&#8221;on|phone&#8221; animation=&#8221;off&#8221; icon_font_size=&#8221;32px&#8221; locked=&#8221;off&#8221; global_colors_info=&#8221;{}&#8221;][\/et_pb_blurb][\/et_pb_column][et_pb_column type=&#8221;1_4&#8243; _builder_version=&#8221;4.16&#8243; custom_padding=&#8221;|||&#8221; global_colors_info=&#8221;{}&#8221; custom_padding__hover=&#8221;|||&#8221;][et_pb_blurb title=&#8221;Pompaggio&#8221; image=&#8221;https:\/\/www.ets-bertrand.com\/wp-content\/uploads\/2022\/06\/pump.png&#8221; image_icon_width=&#8221;62px&#8221; admin_label=&#8221;R\u00e9sum\u00e9&#8221; _builder_version=&#8221;4.19.4&#8243; header_font=&#8221;Police texte &#8211; Oblivian|700|||||||&#8221; header_text_color=&#8221;#4258F9&#8243; header_line_height=&#8221;1.5em&#8221; background_color=&#8221;#f2f3f7&#8243; text_orientation=&#8221;center&#8221; custom_padding=&#8221;40px|20px|40px|20px|true|true&#8221; custom_padding_tablet=&#8221;&#8221; custom_padding_phone=&#8221;20px||20px||true&#8221; custom_padding_last_edited=&#8221;on|phone&#8221; animation=&#8221;off&#8221; icon_font_size=&#8221;32px&#8221; locked=&#8221;off&#8221; global_colors_info=&#8221;{}&#8221;][\/et_pb_blurb][\/et_pb_column][et_pb_column type=&#8221;1_4&#8243; _builder_version=&#8221;4.16&#8243; custom_padding=&#8221;|||&#8221; global_colors_info=&#8221;{}&#8221; custom_padding__hover=&#8221;|||&#8221;][et_pb_blurb title=&#8221;Imballaggio&#8221; image=&#8221;https:\/\/www.ets-bertrand.com\/wp-content\/uploads\/2022\/06\/shopping-basket.png&#8221; image_icon_width=&#8221;62px&#8221; _builder_version=&#8221;4.19.4&#8243; header_font=&#8221;Police texte &#8211; Oblivian|700|||||||&#8221; header_text_color=&#8221;#4258F9&#8243; header_line_height=&#8221;1.5em&#8221; background_color=&#8221;#e9ebf1&#8243; text_orientation=&#8221;center&#8221; custom_padding=&#8221;40px|20px|40px|20px|true|true&#8221; custom_padding_tablet=&#8221;&#8221; custom_padding_phone=&#8221;20px||20px||true&#8221; custom_padding_last_edited=&#8221;on|phone&#8221; animation=&#8221;off&#8221; icon_font_size=&#8221;32px&#8221; locked=&#8221;off&#8221; global_colors_info=&#8221;{}&#8221;][\/et_pb_blurb][\/et_pb_column][et_pb_column type=&#8221;1_4&#8243; _builder_version=&#8221;4.16&#8243; custom_padding=&#8221;|||&#8221; global_colors_info=&#8221;{}&#8221; custom_padding__hover=&#8221;|||&#8221;][et_pb_blurb title=&#8221;Fournitures&#8221; image=&#8221;https:\/\/www.ets-bertrand.com\/wp-content\/uploads\/2022\/06\/gloves.png&#8221; image_icon_width=&#8221;62px&#8221; _builder_version=&#8221;4.19.4&#8243; header_font=&#8221;Police texte &#8211; Oblivian|700|||||||&#8221; header_text_color=&#8221;#4258F9&#8243; header_line_height=&#8221;1.5em&#8221; background_color=&#8221;#e1e2e8&#8243; text_orientation=&#8221;center&#8221; custom_padding=&#8221;40px|20px|40px|20px|true|true&#8221; custom_padding_tablet=&#8221;&#8221; custom_padding_phone=&#8221;20px||20px||true&#8221; custom_padding_last_edited=&#8221;on|phone&#8221; animation=&#8221;off&#8221; icon_font_size=&#8221;32px&#8221; locked=&#8221;off&#8221; global_colors_info=&#8221;{}&#8221;][\/et_pb_blurb][\/et_pb_column][\/et_pb_row][\/et_pb_section][et_pb_section fb_built=&#8221;1&#8243; admin_label=&#8221;Testimonials&#8221; _builder_version=&#8221;4.16&#8243; custom_padding=&#8221;3px||26px|||&#8221; global_colors_info=&#8221;{}&#8221;][et_pb_row _builder_version=&#8221;4.18.0&#8243; _module_preset=&#8221;default&#8221; global_colors_info=&#8221;{}&#8221;][et_pb_column type=&#8221;4_4&#8243; _builder_version=&#8221;4.18.0&#8243; _module_preset=&#8221;default&#8221; global_colors_info=&#8221;{}&#8221;][et_pb_text _builder_version=&#8221;4.19.4&#8243; _module_preset=&#8221;default&#8221; header_2_font=&#8221;TITRE CONNEQT||||||||&#8221; header_2_text_align=&#8221;center&#8221; header_2_text_color=&#8221;#0112E8&#8243; header_2_font_size=&#8221;52px&#8221; global_colors_info=&#8221;{}&#8221;]<\/p>\n<h2>I nostri punti vendita<\/h2>\n<p>[\/et_pb_text][et_pb_text _builder_version=&#8221;4.19.4&#8243; _module_preset=&#8221;default&#8221; global_colors_info=&#8221;{}&#8221;]<\/p>\n<p style=\"font-weight: 400;\">Ets Bertrand propone nei suoi due punti vendita, Marennes nella Charente Maritime e Gujan-Mestras nella Gironda; forniture essenziali per l&#8217;ostricoltura: stivali, stivali da pesca, abiti da lavoro, guanti, ecc., oltre a tutta la gamma di sacchetti per ostriche, materiali per l&#8217;imballaggio, piccoli accessori, senza dimenticare le attrezzature di sicurezza, ecc. Il tutto in collaborazione con grandi marchi per prodotti di qualit\u00e0.<\/p>\n<p style=\"font-weight: 400;\">Tecnici qualificati sono presenti nelle nostre due sedi per fornire assistenza post-vendita sulle macchine per l&#8217;allevamento di molluschi.<\/p>\n<p style=\"font-weight: 400;\">\n<p>[\/et_pb_text][\/et_pb_column][\/et_pb_row][et_pb_row column_structure=&#8221;1_2,1_2&#8243; _builder_version=&#8221;4.16&#8243; global_colors_info=&#8221;{}&#8221;][et_pb_column type=&#8221;1_2&#8243; _builder_version=&#8221;4.16&#8243; custom_padding=&#8221;|||&#8221; global_colors_info=&#8221;{}&#8221; custom_padding__hover=&#8221;|||&#8221;][et_pb_image src=&#8221;https:\/\/www.ets-bertrand.com\/wp-content\/uploads\/2022\/10\/MARENNES-scaled-e1665661191565-1024&#215;768-copie-e1665661633661.jpg&#8221; title_text=&#8221;MARENNES-scaled-e1665661191565-1024&#215;768 copie&#8221; _builder_version=&#8221;4.19.4&#8243; _module_preset=&#8221;default&#8221; global_colors_info=&#8221;{}&#8221;][\/et_pb_image][et_pb_text _builder_version=&#8221;4.16&#8243; _module_preset=&#8221;default&#8221; text_font_size=&#8221;21px&#8221; link_text_align=&#8221;center&#8221; link_text_color=&#8221;#2400E7&#8243; text_orientation=&#8221;center&#8221; global_colors_info=&#8221;{}&#8221;]<\/p>\n<p>La Chainade &#8211; 17230 MARENNES<\/p>\n<p><a href=\"tel:056850036\">05 46 85 00 36<\/a> &#8211; <a href=\"mailto:marennes@ets-bertrand.com\">marennes@ets-bertrand.com<\/a><\/p>\n<p>[\/et_pb_text][\/et_pb_column][et_pb_column type=&#8221;1_2&#8243; _builder_version=&#8221;4.16&#8243; custom_padding=&#8221;|||&#8221; global_colors_info=&#8221;{}&#8221; custom_padding__hover=&#8221;|||&#8221;][et_pb_image src=&#8221;https:\/\/www.ets-bertrand.com\/wp-content\/uploads\/2022\/10\/GUJAN-001-e1665661137908.png&#8221; title_text=&#8221;GUJAN 001&#8243; _builder_version=&#8221;4.19.4&#8243; _module_preset=&#8221;default&#8221; global_colors_info=&#8221;{}&#8221;][\/et_pb_image][et_pb_text _builder_version=&#8221;4.19.4&#8243; _module_preset=&#8221;default&#8221; text_font_size=&#8221;21px&#8221; link_text_align=&#8221;center&#8221; link_text_color=&#8221;#2400E7&#8243; text_orientation=&#8221;center&#8221; global_colors_info=&#8221;{}&#8221;]<\/p>\n<p>Port du canal &#8211; 33470 GUJAN-MESTRAS<\/p>\n<p><a href=\"tel:0556665937\">05 56 66 59 37<\/a> &#8211; <a href=\"mailto:gujan@ets-bertrand.com\">gujan@ets-bertrand.com<\/a><\/p>\n<p>[\/et_pb_text][\/et_pb_column][\/et_pb_row][et_pb_row _builder_version=&#8221;4.19.4&#8243; _module_preset=&#8221;default&#8221; max_width=&#8221;1260px&#8221; global_colors_info=&#8221;{}&#8221;][et_pb_column type=&#8221;4_4&#8243; _builder_version=&#8221;4.18.0&#8243; _module_preset=&#8221;default&#8221; global_colors_info=&#8221;{}&#8221;][et_pb_text _builder_version=&#8221;4.19.4&#8243; _module_preset=&#8221;597f884b-6b5a-40bf-8ee8-db1ab2c6cd2a&#8221; locked=&#8221;off&#8221; global_colors_info=&#8221;{}&#8221;]<\/p>\n<p class=\"p2\">Attrezzature per l&#8217;ostricoltura per aziende e privati<\/p>\n<p>[\/et_pb_text][\/et_pb_column][\/et_pb_row][\/et_pb_section]<\/p>\n","protected":false},"excerpt":{"rendered":"<p>Situato nel cuore del pi\u00f9 importante bacino ostreario francese, l&#8217;azienda Bertrand consegna in tutta la Francia e tutto il mondo. Tavole ostriche su misura ma anche macchine per la molluschicoltura come vibrovaglii, vasche di sbollentatura, isaccatrici, raccogliatrici di larve e l&#8217;azienda Bertrand \u00e8 anche specialist\u00e0 nella reggiatura ed il pompaggio di acqua di mare (installazione [&hellip;]<\/p>\n","protected":false},"author":1,"featured_media":0,"parent":0,"menu_order":0,"comment_status":"closed","ping_status":"closed","template":"","meta":{"_et_pb_use_builder":"on","_et_pb_old_content":"","_et_gb_content_width":"","footnotes":""},"class_list":["post-5677","page","type-page","status-publish","hentry"],"yoast_head":"<!-- This site is optimized with the Yoast SEO plugin v27.4 - https:\/\/yoast.com\/product\/yoast-seo-wordpress\/ -->\n<title>ETS BERTRAND<\/title>\n<meta name=\"description\" content=\"Situato nel cuore del pi\u00f9 importante bacino ostreario francese, l&#039;azienda Bertrand consegna in tutta la Francia e tutto il mondo.\" \/>\n<meta name=\"robots\" content=\"index, follow, max-snippet:-1, max-image-preview:large, max-video-preview:-1\" \/>\n<link rel=\"canonical\" href=\"https:\/\/www.ets-bertrand.com\/it\/\" \/>\n<meta property=\"og:locale\" content=\"it_IT\" \/>\n<meta property=\"og:type\" content=\"article\" \/>\n<meta property=\"og:title\" content=\"ETS BERTRAND\" \/>\n<meta property=\"og:description\" content=\"Situato nel cuore del pi\u00f9 importante bacino ostreario francese, l&#039;azienda Bertrand consegna in tutta la Francia e tutto il mondo.\" \/>\n<meta property=\"og:url\" content=\"https:\/\/www.ets-bertrand.com\/it\/\" \/>\n<meta property=\"og:site_name\" content=\"\u00c9tablissements Bertrand\" \/>\n<meta property=\"article:publisher\" content=\"https:\/\/www.ets-bertrand.com\/laveur-plat\/\" \/>\n<meta property=\"article:modified_time\" content=\"2025-05-22T21:52:22+00:00\" \/>\n<meta property=\"og:image\" content=\"https:\/\/www.ets-bertrand.com\/wp-content\/uploads\/2023\/01\/Capture-decran-2023-01-27-a-09.09.24.jpg\" \/>\n\t<meta property=\"og:image:width\" content=\"821\" \/>\n\t<meta property=\"og:image:height\" content=\"438\" \/>\n\t<meta property=\"og:image:type\" content=\"image\/jpeg\" \/>\n<meta name=\"twitter:card\" content=\"summary_large_image\" \/>\n<script type=\"application\/ld+json\" class=\"yoast-schema-graph\">{\"@context\":\"https:\\\/\\\/schema.org\",\"@graph\":[{\"@type\":\"WebPage\",\"@id\":\"https:\\\/\\\/www.ets-bertrand.com\\\/it\\\/\",\"url\":\"https:\\\/\\\/www.ets-bertrand.com\\\/it\\\/\",\"name\":\"ETS BERTRAND\",\"isPartOf\":{\"@id\":\"https:\\\/\\\/www.ets-bertrand.com\\\/it\\\/#website\"},\"datePublished\":\"2022-06-22T16:44:15+00:00\",\"dateModified\":\"2025-05-22T21:52:22+00:00\",\"description\":\"Situato nel cuore del pi\u00f9 importante bacino ostreario francese, l'azienda Bertrand consegna in tutta la Francia e tutto il mondo.\",\"breadcrumb\":{\"@id\":\"https:\\\/\\\/www.ets-bertrand.com\\\/it\\\/#breadcrumb\"},\"inLanguage\":\"it-IT\",\"potentialAction\":[{\"@type\":\"ReadAction\",\"target\":[\"https:\\\/\\\/www.ets-bertrand.com\\\/it\\\/\"]}]},{\"@type\":\"BreadcrumbList\",\"@id\":\"https:\\\/\\\/www.ets-bertrand.com\\\/it\\\/#breadcrumb\",\"itemListElement\":[{\"@type\":\"ListItem\",\"position\":1,\"name\":\"Home\",\"item\":\"https:\\\/\\\/www.ets-bertrand.com\\\/it\\\/ets-bertrandmacchine-e-forniture-per-produttori-della-molluschicoltura\\\/\"},{\"@type\":\"ListItem\",\"position\":2,\"name\":\"ETS BERTRAND\"}]},{\"@type\":\"WebSite\",\"@id\":\"https:\\\/\\\/www.ets-bertrand.com\\\/it\\\/#website\",\"url\":\"https:\\\/\\\/www.ets-bertrand.com\\\/it\\\/\",\"name\":\"\u00c9tablissements Bertrand\",\"description\":\"Machines et fournitures ostr\u00e9\u00efcoles\",\"publisher\":{\"@id\":\"https:\\\/\\\/www.ets-bertrand.com\\\/it\\\/#organization\"},\"potentialAction\":[{\"@type\":\"SearchAction\",\"target\":{\"@type\":\"EntryPoint\",\"urlTemplate\":\"https:\\\/\\\/www.ets-bertrand.com\\\/it\\\/?s={search_term_string}\"},\"query-input\":{\"@type\":\"PropertyValueSpecification\",\"valueRequired\":true,\"valueName\":\"search_term_string\"}}],\"inLanguage\":\"it-IT\"},{\"@type\":\"Organization\",\"@id\":\"https:\\\/\\\/www.ets-bertrand.com\\\/it\\\/#organization\",\"name\":\"Etablissements Bertrand\",\"url\":\"https:\\\/\\\/www.ets-bertrand.com\\\/it\\\/\",\"logo\":{\"@type\":\"ImageObject\",\"inLanguage\":\"it-IT\",\"@id\":\"https:\\\/\\\/www.ets-bertrand.com\\\/it\\\/#\\\/schema\\\/logo\\\/image\\\/\",\"url\":\"https:\\\/\\\/www.ets-bertrand.com\\\/wp-content\\\/uploads\\\/2022\\\/12\\\/2022-LOGO-B-COULEUR.png\",\"contentUrl\":\"https:\\\/\\\/www.ets-bertrand.com\\\/wp-content\\\/uploads\\\/2022\\\/12\\\/2022-LOGO-B-COULEUR.png\",\"width\":2663,\"height\":2068,\"caption\":\"Etablissements Bertrand\"},\"image\":{\"@id\":\"https:\\\/\\\/www.ets-bertrand.com\\\/it\\\/#\\\/schema\\\/logo\\\/image\\\/\"},\"sameAs\":[\"https:\\\/\\\/www.ets-bertrand.com\\\/laveur-plat\\\/\"]}]}<\/script>\n<!-- \/ Yoast SEO plugin. -->","yoast_head_json":{"title":"ETS BERTRAND","description":"Situato nel cuore del pi\u00f9 importante bacino ostreario francese, l'azienda Bertrand consegna in tutta la Francia e tutto il mondo.","robots":{"index":"index","follow":"follow","max-snippet":"max-snippet:-1","max-image-preview":"max-image-preview:large","max-video-preview":"max-video-preview:-1"},"canonical":"https:\/\/www.ets-bertrand.com\/it\/","og_locale":"it_IT","og_type":"article","og_title":"ETS BERTRAND","og_description":"Situato nel cuore del pi\u00f9 importante bacino ostreario francese, l'azienda Bertrand consegna in tutta la Francia e tutto il mondo.","og_url":"https:\/\/www.ets-bertrand.com\/it\/","og_site_name":"\u00c9tablissements Bertrand","article_publisher":"https:\/\/www.ets-bertrand.com\/laveur-plat\/","article_modified_time":"2025-05-22T21:52:22+00:00","og_image":[{"width":821,"height":438,"url":"https:\/\/www.ets-bertrand.com\/wp-content\/uploads\/2023\/01\/Capture-decran-2023-01-27-a-09.09.24.jpg","type":"image\/jpeg"}],"twitter_card":"summary_large_image","schema":{"@context":"https:\/\/schema.org","@graph":[{"@type":"WebPage","@id":"https:\/\/www.ets-bertrand.com\/it\/","url":"https:\/\/www.ets-bertrand.com\/it\/","name":"ETS BERTRAND","isPartOf":{"@id":"https:\/\/www.ets-bertrand.com\/it\/#website"},"datePublished":"2022-06-22T16:44:15+00:00","dateModified":"2025-05-22T21:52:22+00:00","description":"Situato nel cuore del pi\u00f9 importante bacino ostreario francese, l'azienda Bertrand consegna in tutta la Francia e tutto il mondo.","breadcrumb":{"@id":"https:\/\/www.ets-bertrand.com\/it\/#breadcrumb"},"inLanguage":"it-IT","potentialAction":[{"@type":"ReadAction","target":["https:\/\/www.ets-bertrand.com\/it\/"]}]},{"@type":"BreadcrumbList","@id":"https:\/\/www.ets-bertrand.com\/it\/#breadcrumb","itemListElement":[{"@type":"ListItem","position":1,"name":"Home","item":"https:\/\/www.ets-bertrand.com\/it\/ets-bertrandmacchine-e-forniture-per-produttori-della-molluschicoltura\/"},{"@type":"ListItem","position":2,"name":"ETS BERTRAND"}]},{"@type":"WebSite","@id":"https:\/\/www.ets-bertrand.com\/it\/#website","url":"https:\/\/www.ets-bertrand.com\/it\/","name":"\u00c9tablissements Bertrand","description":"Machines et fournitures ostr\u00e9\u00efcoles","publisher":{"@id":"https:\/\/www.ets-bertrand.com\/it\/#organization"},"potentialAction":[{"@type":"SearchAction","target":{"@type":"EntryPoint","urlTemplate":"https:\/\/www.ets-bertrand.com\/it\/?s={search_term_string}"},"query-input":{"@type":"PropertyValueSpecification","valueRequired":true,"valueName":"search_term_string"}}],"inLanguage":"it-IT"},{"@type":"Organization","@id":"https:\/\/www.ets-bertrand.com\/it\/#organization","name":"Etablissements Bertrand","url":"https:\/\/www.ets-bertrand.com\/it\/","logo":{"@type":"ImageObject","inLanguage":"it-IT","@id":"https:\/\/www.ets-bertrand.com\/it\/#\/schema\/logo\/image\/","url":"https:\/\/www.ets-bertrand.com\/wp-content\/uploads\/2022\/12\/2022-LOGO-B-COULEUR.png","contentUrl":"https:\/\/www.ets-bertrand.com\/wp-content\/uploads\/2022\/12\/2022-LOGO-B-COULEUR.png","width":2663,"height":2068,"caption":"Etablissements Bertrand"},"image":{"@id":"https:\/\/www.ets-bertrand.com\/it\/#\/schema\/logo\/image\/"},"sameAs":["https:\/\/www.ets-bertrand.com\/laveur-plat\/"]}]}},"_links":{"self":[{"href":"https:\/\/www.ets-bertrand.com\/it\/wp-json\/wp\/v2\/pages\/5677","targetHints":{"allow":["GET"]}}],"collection":[{"href":"https:\/\/www.ets-bertrand.com\/it\/wp-json\/wp\/v2\/pages"}],"about":[{"href":"https:\/\/www.ets-bertrand.com\/it\/wp-json\/wp\/v2\/types\/page"}],"author":[{"embeddable":true,"href":"https:\/\/www.ets-bertrand.com\/it\/wp-json\/wp\/v2\/users\/1"}],"replies":[{"embeddable":true,"href":"https:\/\/www.ets-bertrand.com\/it\/wp-json\/wp\/v2\/comments?post=5677"}],"version-history":[{"count":5,"href":"https:\/\/www.ets-bertrand.com\/it\/wp-json\/wp\/v2\/pages\/5677\/revisions"}],"predecessor-version":[{"id":5753,"href":"https:\/\/www.ets-bertrand.com\/it\/wp-json\/wp\/v2\/pages\/5677\/revisions\/5753"}],"wp:attachment":[{"href":"https:\/\/www.ets-bertrand.com\/it\/wp-json\/wp\/v2\/media?parent=5677"}],"curies":[{"name":"wp","href":"https:\/\/api.w.org\/{rel}","templated":true}]}}