{"id":5673,"date":"2022-10-13T11:11:18","date_gmt":"2022-10-13T11:11:18","guid":{"rendered":"https:\/\/www.ets-bertrand.com\/macchine-della-molluschicoltura\/"},"modified":"2025-05-22T20:14:44","modified_gmt":"2025-05-22T20:14:44","slug":"macchine-della-molluschicoltura","status":"publish","type":"page","link":"https:\/\/www.ets-bertrand.com\/it\/macchine-della-molluschicoltura\/","title":{"rendered":"Macchine Della Molluschicoltura"},"content":{"rendered":"<p>[et_pb_section fb_built=&#8221;1&#8243; admin_label=&#8221;Hero&#8221; _builder_version=&#8221;4.18.0&#8243; background_color=&#8221;rgba(0,0,0,0)&#8221; use_background_color_gradient=&#8221;on&#8221; background_color_gradient_direction=&#8221;220deg&#8221; background_color_gradient_stops=&#8221;rgba(53,80,160,0.27) 0%|#4258f9 100%&#8221; background_color_gradient_overlays_image=&#8221;on&#8221; background_color_gradient_start=&#8221;rgba(53,80,160,0.27)&#8221; background_color_gradient_end=&#8221;#415af5&#8243; background_image=&#8221;https:\/\/www.ets-bertrand.com\/wp-content\/uploads\/2022\/03\/guillaume-de-germain-FfldrnctejI-unsplash-scaled.jpeg&#8221; custom_margin=&#8221;|||&#8221; custom_padding=&#8221;6vw|0px|6vw|0px|true|false&#8221; global_colors_info=&#8221;{}&#8221;][et_pb_row _builder_version=&#8221;4.16&#8243; global_colors_info=&#8221;{}&#8221;][et_pb_column type=&#8221;4_4&#8243; _builder_version=&#8221;4.16&#8243; background_color_gradient_direction=&#8221;270deg&#8221; background_color_gradient_start=&#8221;#ffffff&#8221; background_color_gradient_end=&#8221;rgba(255,255,255,0.8)&#8221; custom_padding=&#8221;|||&#8221; custom_padding_tablet=&#8221;|5%||5%||true&#8221; custom_padding_phone=&#8221;|7%||7%||true&#8221; global_colors_info=&#8221;{}&#8221; custom_padding__hover=&#8221;|||&#8221;][et_pb_text _builder_version=&#8221;4.18.0&#8243; text_font=&#8221;||||||||&#8221; text_line_height=&#8221;1.8em&#8221; header_font=&#8221;Playfair Display|700|||||||&#8221; header_text_color=&#8221;#FFFFFF&#8221; header_font_size=&#8221;70px&#8221; header_line_height=&#8221;1.5em&#8221; header_3_font=&#8221;Lato|700||on|||||&#8221; header_3_text_color=&#8221;#3550a0&#8243; header_3_font_size=&#8221;20px&#8221; header_3_line_height=&#8221;1.5em&#8221; custom_margin=&#8221;|||&#8221; header_font_size_tablet=&#8221;50px&#8221; header_font_size_phone=&#8221;32px&#8221; header_font_size_last_edited=&#8221;on|tablet&#8221; header_3_font_size_tablet=&#8221;50px&#8221; header_3_font_size_phone=&#8221;32px&#8221; header_3_font_size_last_edited=&#8221;off|desktop&#8221; locked=&#8221;off&#8221; global_colors_info=&#8221;{}&#8221;]<\/p>\n<h1>Macchine Della Molluschicoltura<\/h1>\n<p>[\/et_pb_text][et_pb_text _builder_version=&#8221;4.19.4&#8243; _module_preset=&#8221;default&#8221; text_text_color=&#8221;#FFFFFF&#8221; global_colors_info=&#8221;{}&#8221;]<\/p>\n<p>Le tavole, le gabbie e le macchine della molluschicoltura come i vibrovaglii, insaccatrici, raccogliatrici di larve, vasche di sbollentatura o lavatori hanno contributi a consolidare la nostra reputazione presso ai produttori della molluschicoltura, rendendo il lavoro pi\u00f9 facile ed agreabile ogni giorno. <\/p>\n<p>In una preoccupazione permanente di rispondere ai bisogni dei nostri clienti, per aumentare la produttivit\u00e0 e ridurre la fatica, i nostri ingenieri hanno sviluppato tavole, gabbie per sacchi di molluschi e copette per le larve che limitanno le intervenzioni.<\/p>\n<p>&nbsp;<\/p>\n<p>[\/et_pb_text][\/et_pb_column][\/et_pb_row][\/et_pb_section][et_pb_section fb_built=&#8221;1&#8243; _builder_version=&#8221;4.16&#8243; global_colors_info=&#8221;{}&#8221;][et_pb_row _builder_version=&#8221;4.16&#8243; custom_margin=&#8221;-1px|auto||auto||&#8221; global_colors_info=&#8221;{}&#8221;][et_pb_column type=&#8221;4_4&#8243; _builder_version=&#8221;4.16&#8243; global_colors_info=&#8221;{}&#8221;][dgbm_blog_module post_type=&#8221;project&#8221; posts_number=&#8221;15&#8243; use_post_excerpt=&#8221;on&#8221; show_categories=&#8221;off&#8221; show_author=&#8221;off&#8221; show_date=&#8221;off&#8221; show_pagination=&#8221;off&#8221; show_more=&#8221;on&#8221; read_more_text=&#8221;D\u00e9couvrir la machine&#8221; layout=&#8221;full-width&#8221; layout_styles=&#8221;image-left-right&#8221; equal_height_column=&#8221;on&#8221; side_overlap_setting=&#8221;on&#8221; side_overlap=&#8221;34px&#8221; image_size=&#8221;large&#8221; image_scale_on_hover=&#8221;on&#8221; pagination_background=&#8221;rgba(255,255,255,0)&#8221; container_margin=&#8221;||0px||false|false&#8221; article_margin=&#8221;||20px||false|false&#8221; content_padding=&#8221;77px|50px|77px|50px|true|true&#8221; content_padding_tablet=&#8221;40px|22px|40px|22px|true|true&#8221; content_padding_phone=&#8221;&#8221; content_padding_last_edited=&#8221;on|tablet&#8221; title_margin=&#8221;16px||16px||true|false&#8221; title_margin_tablet=&#8221;6px||6px||true|false&#8221; title_margin_phone=&#8221;&#8221; title_margin_last_edited=&#8221;on|tablet&#8221; button_wrapper_margin=&#8221;21px||||false|false&#8221; button_padding=&#8221;6px|11px|6px|16px|true|false&#8221; author_location=&#8221;top&#8221; author_background_color=&#8221;rgba(255,255,255,0)&#8221; date_location=&#8221;top&#8221; date_background_color=&#8221;rgba(255,255,255,0)&#8221; category_location=&#8221;top&#8221; category_background_color=&#8221;rgba(255,255,255,0)&#8221; side_overlap_tablet=&#8221;&#8221; side_overlap_phone=&#8221;0px&#8221; side_overlap_last_edited=&#8221;on|phone&#8221; _builder_version=&#8221;4.19.4&#8243; title_font=&#8221;TITRE CONNEQT|700|||||||&#8221; title_text_color=&#8221;#ffffff&#8221; title_font_size=&#8221;24px&#8221; title_line_height=&#8221;1.5em&#8221; meta_font=&#8221;Roboto|300|on||||||&#8221; meta_text_color=&#8221;#ffffff&#8221; content_font=&#8221;Police texte &#8211; Oblivian||||||||&#8221; content_text_color=&#8221;#ffffff&#8221; read_more_font=&#8221;Police texte &#8211; Oblivian||||||||&#8221; read_more_text_color=&#8221;#ffffff&#8221; background_color=&#8221;#0112E8&#8243; title_font_size_tablet=&#8221;22px&#8221; title_font_size_phone=&#8221;&#8221; title_font_size_last_edited=&#8221;on|tablet&#8221; border_radii_read_more=&#8221;on|31px|31px|31px|31px&#8221; border_width_all_read_more=&#8221;1px&#8221; border_color_all_read_more=&#8221;#ffffff&#8221; border_color_all_post_item=&#8221;#d1d1d1&#8243; border_color_bottom_post_item=&#8221;#ffffff&#8221; global_colors_info=&#8221;{}&#8221;][\/dgbm_blog_module][\/et_pb_column][\/et_pb_row][\/et_pb_section]<\/p>\n","protected":false},"excerpt":{"rendered":"<p>Macchine Della MolluschicolturaLe tavole, le gabbie e le macchine della molluschicoltura come i vibrovaglii, insaccatrici, raccogliatrici di larve, vasche di sbollentatura o lavatori hanno contributi a consolidare la nostra reputazione presso ai produttori della molluschicoltura, rendendo il lavoro pi\u00f9 facile ed agreabile ogni giorno. In una preoccupazione permanente di rispondere ai bisogni dei nostri clienti, [&hellip;]<\/p>\n","protected":false},"author":1,"featured_media":0,"parent":0,"menu_order":0,"comment_status":"closed","ping_status":"closed","template":"","meta":{"_et_pb_use_builder":"on","_et_pb_old_content":"","_et_gb_content_width":"","footnotes":""},"class_list":["post-5673","page","type-page","status-publish","hentry"],"yoast_head":"<!-- This site is optimized with the Yoast SEO plugin v27.4 - https:\/\/yoast.com\/product\/yoast-seo-wordpress\/ -->\n<title>Macchine Della Molluschicoltura - \u00c9tablissements Bertrand<\/title>\n<meta name=\"robots\" content=\"index, follow, max-snippet:-1, max-image-preview:large, max-video-preview:-1\" \/>\n<link rel=\"canonical\" href=\"https:\/\/www.ets-bertrand.com\/it\/macchine-della-molluschicoltura\/\" \/>\n<meta property=\"og:locale\" content=\"it_IT\" \/>\n<meta property=\"og:type\" content=\"article\" \/>\n<meta property=\"og:title\" content=\"Macchine Della Molluschicoltura - \u00c9tablissements Bertrand\" \/>\n<meta property=\"og:description\" content=\"Macchine Della MolluschicolturaLe tavole, le gabbie e le macchine della molluschicoltura come i vibrovaglii, insaccatrici, raccogliatrici di larve, vasche di sbollentatura o lavatori hanno contributi a consolidare la nostra reputazione presso ai produttori della molluschicoltura, rendendo il lavoro pi\u00f9 facile ed agreabile ogni giorno. In una preoccupazione permanente di rispondere ai bisogni dei nostri clienti, [&hellip;]\" \/>\n<meta property=\"og:url\" content=\"https:\/\/www.ets-bertrand.com\/it\/macchine-della-molluschicoltura\/\" \/>\n<meta property=\"og:site_name\" content=\"\u00c9tablissements Bertrand\" \/>\n<meta property=\"article:publisher\" content=\"https:\/\/www.ets-bertrand.com\/laveur-plat\/\" \/>\n<meta property=\"article:modified_time\" content=\"2025-05-22T20:14:44+00:00\" \/>\n<meta property=\"og:image\" content=\"https:\/\/www.ets-bertrand.com\/wp-content\/uploads\/2023\/01\/Capture-decran-2023-01-27-a-09.09.24.jpg\" \/>\n\t<meta property=\"og:image:width\" content=\"821\" \/>\n\t<meta property=\"og:image:height\" content=\"438\" \/>\n\t<meta property=\"og:image:type\" content=\"image\/jpeg\" \/>\n<meta name=\"twitter:card\" content=\"summary_large_image\" \/>\n<script type=\"application\/ld+json\" class=\"yoast-schema-graph\">{\"@context\":\"https:\\\/\\\/schema.org\",\"@graph\":[{\"@type\":\"WebPage\",\"@id\":\"https:\\\/\\\/www.ets-bertrand.com\\\/it\\\/macchine-della-molluschicoltura\\\/\",\"url\":\"https:\\\/\\\/www.ets-bertrand.com\\\/it\\\/macchine-della-molluschicoltura\\\/\",\"name\":\"Macchine Della Molluschicoltura - \u00c9tablissements Bertrand\",\"isPartOf\":{\"@id\":\"https:\\\/\\\/www.ets-bertrand.com\\\/it\\\/#website\"},\"datePublished\":\"2022-10-13T11:11:18+00:00\",\"dateModified\":\"2025-05-22T20:14:44+00:00\",\"breadcrumb\":{\"@id\":\"https:\\\/\\\/www.ets-bertrand.com\\\/it\\\/macchine-della-molluschicoltura\\\/#breadcrumb\"},\"inLanguage\":\"it-IT\",\"potentialAction\":[{\"@type\":\"ReadAction\",\"target\":[\"https:\\\/\\\/www.ets-bertrand.com\\\/it\\\/macchine-della-molluschicoltura\\\/\"]}]},{\"@type\":\"BreadcrumbList\",\"@id\":\"https:\\\/\\\/www.ets-bertrand.com\\\/it\\\/macchine-della-molluschicoltura\\\/#breadcrumb\",\"itemListElement\":[{\"@type\":\"ListItem\",\"position\":1,\"name\":\"Home\",\"item\":\"https:\\\/\\\/www.ets-bertrand.com\\\/it\\\/ets-bertrandmacchine-e-forniture-per-produttori-della-molluschicoltura\\\/\"},{\"@type\":\"ListItem\",\"position\":2,\"name\":\"Macchine Della Molluschicoltura\"}]},{\"@type\":\"WebSite\",\"@id\":\"https:\\\/\\\/www.ets-bertrand.com\\\/it\\\/#website\",\"url\":\"https:\\\/\\\/www.ets-bertrand.com\\\/it\\\/\",\"name\":\"\u00c9tablissements Bertrand\",\"description\":\"Machines et fournitures ostr\u00e9\u00efcoles\",\"publisher\":{\"@id\":\"https:\\\/\\\/www.ets-bertrand.com\\\/it\\\/#organization\"},\"potentialAction\":[{\"@type\":\"SearchAction\",\"target\":{\"@type\":\"EntryPoint\",\"urlTemplate\":\"https:\\\/\\\/www.ets-bertrand.com\\\/it\\\/?s={search_term_string}\"},\"query-input\":{\"@type\":\"PropertyValueSpecification\",\"valueRequired\":true,\"valueName\":\"search_term_string\"}}],\"inLanguage\":\"it-IT\"},{\"@type\":\"Organization\",\"@id\":\"https:\\\/\\\/www.ets-bertrand.com\\\/it\\\/#organization\",\"name\":\"Etablissements Bertrand\",\"url\":\"https:\\\/\\\/www.ets-bertrand.com\\\/it\\\/\",\"logo\":{\"@type\":\"ImageObject\",\"inLanguage\":\"it-IT\",\"@id\":\"https:\\\/\\\/www.ets-bertrand.com\\\/it\\\/#\\\/schema\\\/logo\\\/image\\\/\",\"url\":\"https:\\\/\\\/www.ets-bertrand.com\\\/wp-content\\\/uploads\\\/2022\\\/12\\\/2022-LOGO-B-COULEUR.png\",\"contentUrl\":\"https:\\\/\\\/www.ets-bertrand.com\\\/wp-content\\\/uploads\\\/2022\\\/12\\\/2022-LOGO-B-COULEUR.png\",\"width\":2663,\"height\":2068,\"caption\":\"Etablissements Bertrand\"},\"image\":{\"@id\":\"https:\\\/\\\/www.ets-bertrand.com\\\/it\\\/#\\\/schema\\\/logo\\\/image\\\/\"},\"sameAs\":[\"https:\\\/\\\/www.ets-bertrand.com\\\/laveur-plat\\\/\"]}]}<\/script>\n<!-- \/ Yoast SEO plugin. -->","yoast_head_json":{"title":"Macchine Della Molluschicoltura - \u00c9tablissements Bertrand","robots":{"index":"index","follow":"follow","max-snippet":"max-snippet:-1","max-image-preview":"max-image-preview:large","max-video-preview":"max-video-preview:-1"},"canonical":"https:\/\/www.ets-bertrand.com\/it\/macchine-della-molluschicoltura\/","og_locale":"it_IT","og_type":"article","og_title":"Macchine Della Molluschicoltura - \u00c9tablissements Bertrand","og_description":"Macchine Della MolluschicolturaLe tavole, le gabbie e le macchine della molluschicoltura come i vibrovaglii, insaccatrici, raccogliatrici di larve, vasche di sbollentatura o lavatori hanno contributi a consolidare la nostra reputazione presso ai produttori della molluschicoltura, rendendo il lavoro pi\u00f9 facile ed agreabile ogni giorno. In una preoccupazione permanente di rispondere ai bisogni dei nostri clienti, [&hellip;]","og_url":"https:\/\/www.ets-bertrand.com\/it\/macchine-della-molluschicoltura\/","og_site_name":"\u00c9tablissements Bertrand","article_publisher":"https:\/\/www.ets-bertrand.com\/laveur-plat\/","article_modified_time":"2025-05-22T20:14:44+00:00","og_image":[{"width":821,"height":438,"url":"https:\/\/www.ets-bertrand.com\/wp-content\/uploads\/2023\/01\/Capture-decran-2023-01-27-a-09.09.24.jpg","type":"image\/jpeg"}],"twitter_card":"summary_large_image","schema":{"@context":"https:\/\/schema.org","@graph":[{"@type":"WebPage","@id":"https:\/\/www.ets-bertrand.com\/it\/macchine-della-molluschicoltura\/","url":"https:\/\/www.ets-bertrand.com\/it\/macchine-della-molluschicoltura\/","name":"Macchine Della Molluschicoltura - \u00c9tablissements Bertrand","isPartOf":{"@id":"https:\/\/www.ets-bertrand.com\/it\/#website"},"datePublished":"2022-10-13T11:11:18+00:00","dateModified":"2025-05-22T20:14:44+00:00","breadcrumb":{"@id":"https:\/\/www.ets-bertrand.com\/it\/macchine-della-molluschicoltura\/#breadcrumb"},"inLanguage":"it-IT","potentialAction":[{"@type":"ReadAction","target":["https:\/\/www.ets-bertrand.com\/it\/macchine-della-molluschicoltura\/"]}]},{"@type":"BreadcrumbList","@id":"https:\/\/www.ets-bertrand.com\/it\/macchine-della-molluschicoltura\/#breadcrumb","itemListElement":[{"@type":"ListItem","position":1,"name":"Home","item":"https:\/\/www.ets-bertrand.com\/it\/ets-bertrandmacchine-e-forniture-per-produttori-della-molluschicoltura\/"},{"@type":"ListItem","position":2,"name":"Macchine Della Molluschicoltura"}]},{"@type":"WebSite","@id":"https:\/\/www.ets-bertrand.com\/it\/#website","url":"https:\/\/www.ets-bertrand.com\/it\/","name":"\u00c9tablissements Bertrand","description":"Machines et fournitures ostr\u00e9\u00efcoles","publisher":{"@id":"https:\/\/www.ets-bertrand.com\/it\/#organization"},"potentialAction":[{"@type":"SearchAction","target":{"@type":"EntryPoint","urlTemplate":"https:\/\/www.ets-bertrand.com\/it\/?s={search_term_string}"},"query-input":{"@type":"PropertyValueSpecification","valueRequired":true,"valueName":"search_term_string"}}],"inLanguage":"it-IT"},{"@type":"Organization","@id":"https:\/\/www.ets-bertrand.com\/it\/#organization","name":"Etablissements Bertrand","url":"https:\/\/www.ets-bertrand.com\/it\/","logo":{"@type":"ImageObject","inLanguage":"it-IT","@id":"https:\/\/www.ets-bertrand.com\/it\/#\/schema\/logo\/image\/","url":"https:\/\/www.ets-bertrand.com\/wp-content\/uploads\/2022\/12\/2022-LOGO-B-COULEUR.png","contentUrl":"https:\/\/www.ets-bertrand.com\/wp-content\/uploads\/2022\/12\/2022-LOGO-B-COULEUR.png","width":2663,"height":2068,"caption":"Etablissements Bertrand"},"image":{"@id":"https:\/\/www.ets-bertrand.com\/it\/#\/schema\/logo\/image\/"},"sameAs":["https:\/\/www.ets-bertrand.com\/laveur-plat\/"]}]}},"_links":{"self":[{"href":"https:\/\/www.ets-bertrand.com\/it\/wp-json\/wp\/v2\/pages\/5673","targetHints":{"allow":["GET"]}}],"collection":[{"href":"https:\/\/www.ets-bertrand.com\/it\/wp-json\/wp\/v2\/pages"}],"about":[{"href":"https:\/\/www.ets-bertrand.com\/it\/wp-json\/wp\/v2\/types\/page"}],"author":[{"embeddable":true,"href":"https:\/\/www.ets-bertrand.com\/it\/wp-json\/wp\/v2\/users\/1"}],"replies":[{"embeddable":true,"href":"https:\/\/www.ets-bertrand.com\/it\/wp-json\/wp\/v2\/comments?post=5673"}],"version-history":[{"count":2,"href":"https:\/\/www.ets-bertrand.com\/it\/wp-json\/wp\/v2\/pages\/5673\/revisions"}],"predecessor-version":[{"id":5676,"href":"https:\/\/www.ets-bertrand.com\/it\/wp-json\/wp\/v2\/pages\/5673\/revisions\/5676"}],"wp:attachment":[{"href":"https:\/\/www.ets-bertrand.com\/it\/wp-json\/wp\/v2\/media?parent=5673"}],"curies":[{"name":"wp","href":"https:\/\/api.w.org\/{rel}","templated":true}]}}