{"id":5528,"date":"2022-12-12T09:53:35","date_gmt":"2022-12-12T09:53:35","guid":{"rendered":"https:\/\/www.ets-bertrand.com\/private-customers\/"},"modified":"2023-05-27T21:40:35","modified_gmt":"2023-05-27T21:40:35","slug":"private-customers","status":"publish","type":"page","link":"https:\/\/www.ets-bertrand.com\/en\/private-customers\/","title":{"rendered":"Private customers"},"content":{"rendered":"<p>[et_pb_section fb_built=&#8221;1&#8243; admin_label=&#8221;Hero&#8221; _builder_version=&#8221;4.16&#8243; use_background_color_gradient=&#8221;on&#8221; background_color_gradient_direction=&#8221;90deg&#8221; background_color_gradient_stops=&#8221;rgba(240,242,246,0.5) 0%|rgba(255,255,255,0) 100%&#8221; background_color_gradient_start=&#8221;rgba(240,242,246,0.5)&#8221; background_color_gradient_end=&#8221;rgba(255,255,255,0)&#8221; custom_padding=&#8221;0|0px|0|0px|false|false&#8221; global_colors_info=&#8221;{}&#8221;][et_pb_row column_structure=&#8221;1_2,1_2&#8243; _builder_version=&#8221;4.19.4&#8243; _module_preset=&#8221;default&#8221; global_colors_info=&#8221;{}&#8221;][et_pb_column type=&#8221;1_2&#8243; _builder_version=&#8221;4.19.4&#8243; _module_preset=&#8221;default&#8221; global_colors_info=&#8221;{}&#8221;][et_pb_text _builder_version=&#8221;4.19.4&#8243; text_font_size=&#8221;16px&#8221; text_line_height=&#8221;1.8em&#8221; header_font=&#8221;TITRE CONNEQT|700|||||||&#8221; header_text_color=&#8221;gcid-c508c0be-c946-4c67-b249-a889fbec4265&#8243; header_font_size=&#8221;50px&#8221; header_line_height=&#8221;1.5em&#8221; header_3_font=&#8221;Lato|700||on|||||&#8221; header_3_text_color=&#8221;#3550a0&#8243; header_3_font_size=&#8221;20px&#8221; header_3_line_height=&#8221;1.5em&#8221; custom_margin=&#8221;||||false|false&#8221; custom_margin_tablet=&#8221;|-117px|||false|false&#8221; custom_margin_phone=&#8221;|-20px|||false|false&#8221; custom_margin_last_edited=&#8221;on|phone&#8221; custom_padding=&#8221;29px|30px|23px||false|false&#8221; hover_enabled=&#8221;0&#8243; header_font_size_tablet=&#8221;50px&#8221; header_font_size_phone=&#8221;32px&#8221; header_font_size_last_edited=&#8221;on|tablet&#8221; locked=&#8221;off&#8221; inline_fonts=&#8221;TITRE CONNEQT&#8221; global_colors_info=&#8221;{%22gcid-c508c0be-c946-4c67-b249-a889fbec4265%22:%91%22header_text_color%22,%22header_text_color%22%93}&#8221; sticky_enabled=&#8221;0&#8243;]<\/p>\n<h1><strong><span style=\"font-family: 'TITRE CONNEQT';\">Private customers<\/span><\/strong><\/h1>\n<p>Our factory with our trained welders and technicians has been operating for years to manufacture your custom-made projects: guardrails, gates, handrails, plaice parts&#8230;<\/p>\n<p>[\/et_pb_text][et_pb_button button_url=&#8221;@ET-DC@eyJkeW5hbWljIjp0cnVlLCJjb250ZW50IjoicG9zdF9saW5rX3VybF9wYWdlIiwic2V0dGluZ3MiOnsicG9zdF9pZCI6IjM5NCJ9fQ==@&#8221; button_text=&#8221;Contact us&#8221; button_alignment=&#8221;center&#8221; _builder_version=&#8221;4.19.4&#8243; _dynamic_attributes=&#8221;button_url&#8221; custom_button=&#8221;on&#8221; button_text_size=&#8221;16px&#8221; button_text_color=&#8221;#ffffff&#8221; button_bg_color=&#8221;#3550a0&#8243; button_border_width=&#8221;10px&#8221; button_border_color=&#8221;rgba(210,159,104,0)&#8221; button_border_radius=&#8221;100px&#8221; button_font=&#8221;Lato|900|||||||&#8221; button_use_icon=&#8221;off&#8221; button_bg_color_hover=&#8221;#4159a0&#8243; locked=&#8221;off&#8221; global_colors_info=&#8221;{}&#8221; button_text_size__hover_enabled=&#8221;off&#8221; button_one_text_size__hover_enabled=&#8221;off&#8221; button_two_text_size__hover_enabled=&#8221;off&#8221; button_text_color__hover_enabled=&#8221;off&#8221; button_one_text_color__hover_enabled=&#8221;off&#8221; button_two_text_color__hover_enabled=&#8221;off&#8221; button_border_width__hover_enabled=&#8221;off&#8221; button_one_border_width__hover_enabled=&#8221;off&#8221; button_two_border_width__hover_enabled=&#8221;off&#8221; button_border_color__hover_enabled=&#8221;off&#8221; button_one_border_color__hover_enabled=&#8221;off&#8221; button_two_border_color__hover_enabled=&#8221;off&#8221; button_border_radius__hover_enabled=&#8221;off&#8221; button_one_border_radius__hover_enabled=&#8221;off&#8221; button_two_border_radius__hover_enabled=&#8221;off&#8221; button_letter_spacing__hover_enabled=&#8221;off&#8221; button_one_letter_spacing__hover_enabled=&#8221;off&#8221; button_two_letter_spacing__hover_enabled=&#8221;off&#8221; button_bg_color__hover_enabled=&#8221;on&#8221; button_bg_color__hover=&#8221;#4159a0&#8243; button_one_bg_color__hover_enabled=&#8221;off&#8221; button_two_bg_color__hover_enabled=&#8221;off&#8221;]<\/p>\n<h1>About Anthony<\/h1>\n<h3>Business CoacH<\/h3>\n<p>Lorem ipsum dolor sit amet, consectetur adipiscing elit, sed do eiusmod tempor incididunt ut labore et dolore magna aliqua. Ut enim ad minim veniam. Lorem ipsum dolor sit amet, cons<\/p>\n<p>[\/et_pb_button][\/et_pb_column][et_pb_column type=&#8221;1_2&#8243; _builder_version=&#8221;4.19.4&#8243; _module_preset=&#8221;default&#8221; global_colors_info=&#8221;{}&#8221;][et_pb_gallery gallery_ids=&#8221;5111&#8243; fullwidth=&#8221;on&#8221; _builder_version=&#8221;4.19.4&#8243; _module_preset=&#8221;default&#8221; use_background_color_gradient=&#8221;on&#8221; background_color_gradient_stops=&#8221;#3550a0 25%|rgba(240,242,246,0) 25%&#8221; background_color_gradient_start=&#8221;#3550a0&#8243; background_color_gradient_start_position=&#8221;25%&#8221; background_color_gradient_end=&#8221;rgba(240,242,246,0)&#8221; background_color_gradient_end_position=&#8221;25%&#8221; width=&#8221;100%&#8221; custom_padding=&#8221;||0px|76px|false|false&#8221; animation_style=&#8221;slide&#8221; animation_direction=&#8221;top&#8221; animation_intensity_slide=&#8221;1%&#8221; auto=&#8221;on&#8221; hover_enabled=&#8221;0&#8243; box_shadow_style=&#8221;preset4&#8243; box_shadow_horizontal=&#8221;120px&#8221; box_shadow_vertical=&#8221;120px&#8221; box_shadow_spread=&#8221;-60px&#8221; box_shadow_color=&#8221;#f0f2f6&#8243; locked=&#8221;off&#8221; global_colors_info=&#8221;{}&#8221; custom_padding_last_edited=&#8221;on|tablet&#8221; sticky_enabled=&#8221;0&#8243; custom_padding_tablet=&#8221;|||0px|false|false&#8221; custom_padding_phone=&#8221;|||0px|false|false&#8221;][\/et_pb_gallery][\/et_pb_column][\/et_pb_row][et_pb_row _builder_version=&#8221;4.19.4&#8243; _module_preset=&#8221;default&#8221; global_colors_info=&#8221;{}&#8221;][et_pb_column type=&#8221;4_4&#8243; _builder_version=&#8221;4.19.4&#8243; _module_preset=&#8221;default&#8221; global_colors_info=&#8221;{}&#8221;][et_pb_divider show_divider=&#8221;off&#8221; _builder_version=&#8221;4.19.4&#8243; _module_preset=&#8221;default&#8221; global_colors_info=&#8221;{}&#8221;][\/et_pb_divider][et_pb_text _builder_version=&#8221;4.19.4&#8243; _module_preset=&#8221;597f884b-6b5a-40bf-8ee8-db1ab2c6cd2a&#8221; locked=&#8221;off&#8221; inline_fonts=&#8221;Police texte &#8211; Oblivian&#8221; global_colors_info=&#8221;{}&#8221;]<\/p>\n<p style=\"text-align: center;\">We stay at your disposal to meet your needs and demands.<\/p>\n<p>[\/et_pb_text][\/et_pb_column][\/et_pb_row][\/et_pb_section]<\/p>\n","protected":false},"excerpt":{"rendered":"<p>Private customers Our factory with our trained welders and technicians has been operating for years to manufacture your custom-made projects: guardrails, gates, handrails, plaice parts&#8230;About Anthony Business CoacH Lorem ipsum dolor sit amet, consectetur adipiscing elit, sed do eiusmod tempor incididunt ut labore et dolore magna aliqua. Ut enim ad minim veniam. Lorem ipsum dolor [&hellip;]<\/p>\n","protected":false},"author":1,"featured_media":0,"parent":0,"menu_order":0,"comment_status":"closed","ping_status":"closed","template":"","meta":{"_et_pb_use_builder":"on","_et_pb_old_content":"","_et_gb_content_width":"","footnotes":""},"class_list":["post-5528","page","type-page","status-publish","hentry"],"yoast_head":"<!-- This site is optimized with the Yoast SEO plugin v27.4 - https:\/\/yoast.com\/product\/yoast-seo-wordpress\/ -->\n<title>Private customers - \u00c9tablissements Bertrand<\/title>\n<meta name=\"robots\" content=\"index, follow, max-snippet:-1, max-image-preview:large, max-video-preview:-1\" \/>\n<link rel=\"canonical\" href=\"https:\/\/www.ets-bertrand.com\/en\/private-customers\/\" \/>\n<meta property=\"og:locale\" content=\"en_US\" \/>\n<meta property=\"og:type\" content=\"article\" \/>\n<meta property=\"og:title\" content=\"Private customers - \u00c9tablissements Bertrand\" \/>\n<meta property=\"og:description\" content=\"Private customers Our factory with our trained welders and technicians has been operating for years to manufacture your custom-made projects: guardrails, gates, handrails, plaice parts...About Anthony Business CoacH Lorem ipsum dolor sit amet, consectetur adipiscing elit, sed do eiusmod tempor incididunt ut labore et dolore magna aliqua. Ut enim ad minim veniam. Lorem ipsum dolor [&hellip;]\" \/>\n<meta property=\"og:url\" content=\"https:\/\/www.ets-bertrand.com\/en\/private-customers\/\" \/>\n<meta property=\"og:site_name\" content=\"\u00c9tablissements Bertrand\" \/>\n<meta property=\"article:publisher\" content=\"https:\/\/www.ets-bertrand.com\/laveur-plat\/\" \/>\n<meta property=\"article:modified_time\" content=\"2023-05-27T21:40:35+00:00\" \/>\n<meta property=\"og:image\" content=\"https:\/\/www.ets-bertrand.com\/wp-content\/uploads\/2023\/01\/Capture-decran-2023-01-27-a-09.09.24.jpg\" \/>\n\t<meta property=\"og:image:width\" content=\"821\" \/>\n\t<meta property=\"og:image:height\" content=\"438\" \/>\n\t<meta property=\"og:image:type\" content=\"image\/jpeg\" \/>\n<meta name=\"twitter:card\" content=\"summary_large_image\" \/>\n<script type=\"application\/ld+json\" class=\"yoast-schema-graph\">{\"@context\":\"https:\\\/\\\/schema.org\",\"@graph\":[{\"@type\":\"WebPage\",\"@id\":\"https:\\\/\\\/www.ets-bertrand.com\\\/en\\\/private-customers\\\/\",\"url\":\"https:\\\/\\\/www.ets-bertrand.com\\\/en\\\/private-customers\\\/\",\"name\":\"Private customers - \u00c9tablissements Bertrand\",\"isPartOf\":{\"@id\":\"https:\\\/\\\/www.ets-bertrand.com\\\/en\\\/#website\"},\"datePublished\":\"2022-12-12T09:53:35+00:00\",\"dateModified\":\"2023-05-27T21:40:35+00:00\",\"breadcrumb\":{\"@id\":\"https:\\\/\\\/www.ets-bertrand.com\\\/en\\\/private-customers\\\/#breadcrumb\"},\"inLanguage\":\"en-US\",\"potentialAction\":[{\"@type\":\"ReadAction\",\"target\":[\"https:\\\/\\\/www.ets-bertrand.com\\\/en\\\/private-customers\\\/\"]}]},{\"@type\":\"BreadcrumbList\",\"@id\":\"https:\\\/\\\/www.ets-bertrand.com\\\/en\\\/private-customers\\\/#breadcrumb\",\"itemListElement\":[{\"@type\":\"ListItem\",\"position\":1,\"name\":\"Home\",\"item\":\"https:\\\/\\\/www.ets-bertrand.com\\\/en\\\/\"},{\"@type\":\"ListItem\",\"position\":2,\"name\":\"Private customers\"}]},{\"@type\":\"WebSite\",\"@id\":\"https:\\\/\\\/www.ets-bertrand.com\\\/en\\\/#website\",\"url\":\"https:\\\/\\\/www.ets-bertrand.com\\\/en\\\/\",\"name\":\"\u00c9tablissements Bertrand\",\"description\":\"Machines et fournitures ostr\u00e9\u00efcoles\",\"publisher\":{\"@id\":\"https:\\\/\\\/www.ets-bertrand.com\\\/en\\\/#organization\"},\"potentialAction\":[{\"@type\":\"SearchAction\",\"target\":{\"@type\":\"EntryPoint\",\"urlTemplate\":\"https:\\\/\\\/www.ets-bertrand.com\\\/en\\\/?s={search_term_string}\"},\"query-input\":{\"@type\":\"PropertyValueSpecification\",\"valueRequired\":true,\"valueName\":\"search_term_string\"}}],\"inLanguage\":\"en-US\"},{\"@type\":\"Organization\",\"@id\":\"https:\\\/\\\/www.ets-bertrand.com\\\/en\\\/#organization\",\"name\":\"Etablissements Bertrand\",\"url\":\"https:\\\/\\\/www.ets-bertrand.com\\\/en\\\/\",\"logo\":{\"@type\":\"ImageObject\",\"inLanguage\":\"en-US\",\"@id\":\"https:\\\/\\\/www.ets-bertrand.com\\\/en\\\/#\\\/schema\\\/logo\\\/image\\\/\",\"url\":\"https:\\\/\\\/www.ets-bertrand.com\\\/wp-content\\\/uploads\\\/2022\\\/12\\\/2022-LOGO-B-COULEUR.png\",\"contentUrl\":\"https:\\\/\\\/www.ets-bertrand.com\\\/wp-content\\\/uploads\\\/2022\\\/12\\\/2022-LOGO-B-COULEUR.png\",\"width\":2663,\"height\":2068,\"caption\":\"Etablissements Bertrand\"},\"image\":{\"@id\":\"https:\\\/\\\/www.ets-bertrand.com\\\/en\\\/#\\\/schema\\\/logo\\\/image\\\/\"},\"sameAs\":[\"https:\\\/\\\/www.ets-bertrand.com\\\/laveur-plat\\\/\"]}]}<\/script>\n<!-- \/ Yoast SEO plugin. -->","yoast_head_json":{"title":"Private customers - \u00c9tablissements Bertrand","robots":{"index":"index","follow":"follow","max-snippet":"max-snippet:-1","max-image-preview":"max-image-preview:large","max-video-preview":"max-video-preview:-1"},"canonical":"https:\/\/www.ets-bertrand.com\/en\/private-customers\/","og_locale":"en_US","og_type":"article","og_title":"Private customers - \u00c9tablissements Bertrand","og_description":"Private customers Our factory with our trained welders and technicians has been operating for years to manufacture your custom-made projects: guardrails, gates, handrails, plaice parts...About Anthony Business CoacH Lorem ipsum dolor sit amet, consectetur adipiscing elit, sed do eiusmod tempor incididunt ut labore et dolore magna aliqua. Ut enim ad minim veniam. Lorem ipsum dolor [&hellip;]","og_url":"https:\/\/www.ets-bertrand.com\/en\/private-customers\/","og_site_name":"\u00c9tablissements Bertrand","article_publisher":"https:\/\/www.ets-bertrand.com\/laveur-plat\/","article_modified_time":"2023-05-27T21:40:35+00:00","og_image":[{"width":821,"height":438,"url":"https:\/\/www.ets-bertrand.com\/wp-content\/uploads\/2023\/01\/Capture-decran-2023-01-27-a-09.09.24.jpg","type":"image\/jpeg"}],"twitter_card":"summary_large_image","schema":{"@context":"https:\/\/schema.org","@graph":[{"@type":"WebPage","@id":"https:\/\/www.ets-bertrand.com\/en\/private-customers\/","url":"https:\/\/www.ets-bertrand.com\/en\/private-customers\/","name":"Private customers - \u00c9tablissements Bertrand","isPartOf":{"@id":"https:\/\/www.ets-bertrand.com\/en\/#website"},"datePublished":"2022-12-12T09:53:35+00:00","dateModified":"2023-05-27T21:40:35+00:00","breadcrumb":{"@id":"https:\/\/www.ets-bertrand.com\/en\/private-customers\/#breadcrumb"},"inLanguage":"en-US","potentialAction":[{"@type":"ReadAction","target":["https:\/\/www.ets-bertrand.com\/en\/private-customers\/"]}]},{"@type":"BreadcrumbList","@id":"https:\/\/www.ets-bertrand.com\/en\/private-customers\/#breadcrumb","itemListElement":[{"@type":"ListItem","position":1,"name":"Home","item":"https:\/\/www.ets-bertrand.com\/en\/"},{"@type":"ListItem","position":2,"name":"Private customers"}]},{"@type":"WebSite","@id":"https:\/\/www.ets-bertrand.com\/en\/#website","url":"https:\/\/www.ets-bertrand.com\/en\/","name":"\u00c9tablissements Bertrand","description":"Machines et fournitures ostr\u00e9\u00efcoles","publisher":{"@id":"https:\/\/www.ets-bertrand.com\/en\/#organization"},"potentialAction":[{"@type":"SearchAction","target":{"@type":"EntryPoint","urlTemplate":"https:\/\/www.ets-bertrand.com\/en\/?s={search_term_string}"},"query-input":{"@type":"PropertyValueSpecification","valueRequired":true,"valueName":"search_term_string"}}],"inLanguage":"en-US"},{"@type":"Organization","@id":"https:\/\/www.ets-bertrand.com\/en\/#organization","name":"Etablissements Bertrand","url":"https:\/\/www.ets-bertrand.com\/en\/","logo":{"@type":"ImageObject","inLanguage":"en-US","@id":"https:\/\/www.ets-bertrand.com\/en\/#\/schema\/logo\/image\/","url":"https:\/\/www.ets-bertrand.com\/wp-content\/uploads\/2022\/12\/2022-LOGO-B-COULEUR.png","contentUrl":"https:\/\/www.ets-bertrand.com\/wp-content\/uploads\/2022\/12\/2022-LOGO-B-COULEUR.png","width":2663,"height":2068,"caption":"Etablissements Bertrand"},"image":{"@id":"https:\/\/www.ets-bertrand.com\/en\/#\/schema\/logo\/image\/"},"sameAs":["https:\/\/www.ets-bertrand.com\/laveur-plat\/"]}]}},"_links":{"self":[{"href":"https:\/\/www.ets-bertrand.com\/en\/wp-json\/wp\/v2\/pages\/5528","targetHints":{"allow":["GET"]}}],"collection":[{"href":"https:\/\/www.ets-bertrand.com\/en\/wp-json\/wp\/v2\/pages"}],"about":[{"href":"https:\/\/www.ets-bertrand.com\/en\/wp-json\/wp\/v2\/types\/page"}],"author":[{"embeddable":true,"href":"https:\/\/www.ets-bertrand.com\/en\/wp-json\/wp\/v2\/users\/1"}],"replies":[{"embeddable":true,"href":"https:\/\/www.ets-bertrand.com\/en\/wp-json\/wp\/v2\/comments?post=5528"}],"version-history":[{"count":2,"href":"https:\/\/www.ets-bertrand.com\/en\/wp-json\/wp\/v2\/pages\/5528\/revisions"}],"predecessor-version":[{"id":5531,"href":"https:\/\/www.ets-bertrand.com\/en\/wp-json\/wp\/v2\/pages\/5528\/revisions\/5531"}],"wp:attachment":[{"href":"https:\/\/www.ets-bertrand.com\/en\/wp-json\/wp\/v2\/media?parent=5528"}],"curies":[{"name":"wp","href":"https:\/\/api.w.org\/{rel}","templated":true}]}}