{"id":5524,"date":"2022-12-07T07:51:55","date_gmt":"2022-12-07T07:51:55","guid":{"rendered":"https:\/\/www.ets-bertrand.com\/gujan-mestras\/"},"modified":"2023-05-27T21:39:37","modified_gmt":"2023-05-27T21:39:37","slug":"gujan-mestras","status":"publish","type":"page","link":"https:\/\/www.ets-bertrand.com\/en\/gujan-mestras\/","title":{"rendered":"Gujan-Mestras"},"content":{"rendered":"<p>[et_pb_section fb_built=&#8221;1&#8243; admin_label=&#8221;Hero&#8221; _builder_version=&#8221;4.18.0&#8243; use_background_color_gradient=&#8221;on&#8221; background_color_gradient_direction=&#8221;90deg&#8221; background_color_gradient_stops=&#8221;#f2f2f2 0%|rgba(255,255,255,0) 100%&#8221; background_color_gradient_start=&#8221;rgba(240,242,246,0.5)&#8221; background_color_gradient_end=&#8221;rgba(255,255,255,0)&#8221; custom_padding=&#8221;0|0px|0|0px|false|false&#8221; global_colors_info=&#8221;{}&#8221;][et_pb_row column_structure=&#8221;1_2,1_2&#8243; padding_top_bottom_link_1=&#8221;true&#8221; _builder_version=&#8221;4.19.4&#8243; custom_padding=&#8221;0px|0px|0px|0px|true|false&#8221; global_colors_info=&#8221;{}&#8221;][et_pb_column type=&#8221;1_2&#8243; _builder_version=&#8221;4.18.0&#8243; background_color_gradient_direction=&#8221;270deg&#8221; background_color_gradient_start=&#8221;#ffffff&#8221; background_color_gradient_end=&#8221;rgba(255,255,255,0.8)&#8221; custom_padding=&#8221;||||false|false&#8221; custom_padding_tablet=&#8221;|5%||5%||true&#8221; custom_padding_phone=&#8221;|7%||7%||true&#8221; global_colors_info=&#8221;{}&#8221; padding_phone=&#8221;|7%||7%||true&#8221; padding_tablet=&#8221;|5%||5%||true&#8221; custom_padding__hover=&#8221;|||&#8221;][et_pb_text _builder_version=&#8221;4.18.0&#8243; text_font_size=&#8221;16px&#8221; text_line_height=&#8221;1.8em&#8221; header_font=&#8221;TITRE CONNEQT|700|||||||&#8221; header_text_color=&#8221;gcid-c508c0be-c946-4c67-b249-a889fbec4265&#8243; header_font_size=&#8221;50px&#8221; header_line_height=&#8221;1.5em&#8221; header_3_font=&#8221;Lato|700||on|||||&#8221; header_3_text_color=&#8221;#3550a0&#8243; header_3_font_size=&#8221;20px&#8221; header_3_line_height=&#8221;1.5em&#8221; custom_margin=&#8221;|-117px||||&#8221; custom_padding=&#8221;29px|30px|70px||false|false&#8221; header_font_size_tablet=&#8221;50px&#8221; header_font_size_phone=&#8221;32px&#8221; header_font_size_last_edited=&#8221;on|tablet&#8221; locked=&#8221;off&#8221; global_colors_info=&#8221;{%22gcid-c508c0be-c946-4c67-b249-a889fbec4265%22:%91%22header_text_color%22,%22header_text_color%22%93}&#8221;]<\/p>\n<h1>Bertrand &amp; Sons<\/h1>\n<p>Located at the heart of the Arcachon basin, our team welcomes you all year around in our shop at Port du Canal.<\/p>\n<p>A fully trained technician operates on the Arcachon basin on a daily basis in order to complete our offer.<\/p>\n<p>[\/et_pb_text][\/et_pb_column][et_pb_column type=&#8221;1_2&#8243; _builder_version=&#8221;4.19.4&#8243; use_background_color_gradient=&#8221;on&#8221; background_color_gradient_stops=&#8221;#3550a0 25%|rgba(240,242,246,0) 25%&#8221; background_color_gradient_start=&#8221;#3550a0&#8243; background_color_gradient_start_position=&#8221;25%&#8221; background_color_gradient_end=&#8221;rgba(240,242,246,0)&#8221; background_color_gradient_end_position=&#8221;25%&#8221; custom_padding=&#8221;|||&#8221; custom_padding_tablet=&#8221;|0px||0px|false|true&#8221; global_colors_info=&#8221;{}&#8221; padding_tablet=&#8221;|0px||0px|false|true&#8221; custom_padding__hover=&#8221;|||&#8221;][et_pb_gallery gallery_ids=&#8221;79,225,224,231,233&#8243; fullwidth=&#8221;on&#8221; _builder_version=&#8221;4.18.0&#8243; _module_preset=&#8221;default&#8221; use_background_color_gradient=&#8221;on&#8221; background_color_gradient_stops=&#8221;#3550a0 25%|rgba(240,242,246,0) 25%&#8221; background_color_gradient_start=&#8221;#3550a0&#8243; background_color_gradient_start_position=&#8221;25%&#8221; background_color_gradient_end=&#8221;rgba(240,242,246,0)&#8221; background_color_gradient_end_position=&#8221;25%&#8221; width=&#8221;100%&#8221; custom_margin=&#8221;||26px|||&#8221; custom_padding=&#8221;||0px|76px|false|false&#8221; custom_padding_tablet=&#8221;|||0px|false|false&#8221; custom_padding_phone=&#8221;|||0px|false|false&#8221; custom_padding_last_edited=&#8221;on|tablet&#8221; animation_style=&#8221;slide&#8221; animation_direction=&#8221;top&#8221; animation_intensity_slide=&#8221;1%&#8221; auto=&#8221;on&#8221; box_shadow_style=&#8221;preset4&#8243; box_shadow_horizontal=&#8221;120px&#8221; box_shadow_vertical=&#8221;120px&#8221; box_shadow_spread=&#8221;-60px&#8221; box_shadow_color=&#8221;#f0f2f6&#8243; global_colors_info=&#8221;{}&#8221;][\/et_pb_gallery][\/et_pb_column][\/et_pb_row][\/et_pb_section][et_pb_section fb_built=&#8221;1&#8243; admin_label=&#8221;About&#8221; _builder_version=&#8221;4.18.0&#8243; min_height=&#8221;372.1px&#8221; custom_margin=&#8221;||-4px|||&#8221; custom_padding=&#8221;10px|0px|54px|0px|false|false&#8221; global_colors_info=&#8221;{}&#8221;][et_pb_row _builder_version=&#8221;4.18.0&#8243; _module_preset=&#8221;default&#8221; global_colors_info=&#8221;{}&#8221;][et_pb_column type=&#8221;4_4&#8243; _builder_version=&#8221;4.18.0&#8243; _module_preset=&#8221;default&#8221; global_colors_info=&#8221;{}&#8221;][et_pb_text _builder_version=&#8221;4.19.4&#8243; _module_preset=&#8221;597f884b-6b5a-40bf-8ee8-db1ab2c6cd2a&#8221; inline_fonts=&#8221;Police texte &#8211; Oblivian&#8221; global_colors_info=&#8221;{}&#8221;]<\/p>\n<p style=\"text-align: center;\">At your side on the Bassin d &#8216;Arcachon<\/p>\n<p>[\/et_pb_text][\/et_pb_column][\/et_pb_row][et_pb_row column_structure=&#8221;2_5,3_5&#8243; _builder_version=&#8221;4.19.4&#8243; _module_preset=&#8221;default&#8221; background_color=&#8221;#7897CE&#8221; min_height=&#8221;523.8px&#8221; custom_margin=&#8221;0px|auto|0px|auto|false|false&#8221; custom_padding=&#8221;0px|20px|31px|20px|false|true&#8221; global_colors_info=&#8221;{}&#8221;][et_pb_column type=&#8221;2_5&#8243; _builder_version=&#8221;4.18.0&#8243; _module_preset=&#8221;default&#8221; global_colors_info=&#8221;{}&#8221;][et_pb_text _builder_version=&#8221;4.18.0&#8243; _module_preset=&#8221;default&#8221; text_font=&#8221;Police texte &#8211; Oblivian|||||on|||&#8221; text_text_color=&#8221;#0112E8&#8243; text_font_size=&#8221;24px&#8221; custom_margin=&#8221;28px|||||&#8221; inline_fonts=&#8221;Police texte &#8211; Oblivian&#8221; global_colors_info=&#8221;{}&#8221;]<\/p>\n<p style=\"text-align: center;\"><span style=\"color: rgba(35, 35, 35, 0.91); font-weight: normal;\"><strong><\/strong><\/span><\/p>\n<p style=\"text-align: center;\"><span style=\"color: rgba(35, 35, 35, 0.91); font-weight: normal;\"><strong><\/strong><\/span><\/p>\n<p style=\"text-align: center;\"><span style=\"color: rgba(255, 255, 255, 0.91); font-weight: normal;\"><strong><\/strong><\/span><\/p>\n<p style=\"text-align: center;\"><span style=\"color: rgba(255, 255, 255, 0.91); font-weight: normal;\"><strong>Bertrand &amp; Sons<\/strong><\/span><\/p>\n<p style=\"text-align: center;\"><span style=\"color: rgba(255, 255, 255, 0.91); font-weight: normal;\">Port du Canal<\/span><\/p>\n<p style=\"text-align: center;\"><span style=\"color: rgba(255, 255, 255, 0.91); font-weight: normal;\">33470 Gujan-Mestras<\/span><\/p>\n<p>[\/et_pb_text][et_pb_button button_url=&#8221;tel:0556665937&#8243; button_text=&#8221;05 56 66 59 37&#8243; button_alignment=&#8221;center&#8221; _builder_version=&#8221;4.18.0&#8243; _module_preset=&#8221;default&#8221; custom_button=&#8221;on&#8221; button_text_size=&#8221;16px&#8221; button_text_color=&#8221;gcid-c508c0be-c946-4c67-b249-a889fbec4265&#8243; button_bg_color=&#8221;#FFFFFF&#8221; button_border_width=&#8221;10px&#8221; button_border_color=&#8221;rgba(210,159,104,0)&#8221; button_border_radius=&#8221;100px&#8221; button_font=&#8221;Lato|900|||||||&#8221; button_use_icon=&#8221;off&#8221; box_shadow_style=&#8221;preset2&#8243; global_colors_info=&#8221;{%22gcid-c508c0be-c946-4c67-b249-a889fbec4265%22:%91%22button_text_color%22%93}&#8221; button_bg_color__hover=&#8221;rgba(255,255,255,0.66)&#8221; button_bg_color__hover_enabled=&#8221;on|hover&#8221;][\/et_pb_button][et_pb_button button_url=&#8221;@ET-DC@eyJkeW5hbWljIjp0cnVlLCJjb250ZW50IjoicG9zdF9saW5rX3VybF9wYWdlIiwic2V0dGluZ3MiOnsicG9zdF9pZCI6IjM5NCJ9fQ==@&#8221; button_text=&#8221;Contact-us&#8221; button_alignment=&#8221;center&#8221; _builder_version=&#8221;4.19.4&#8243; _dynamic_attributes=&#8221;button_url&#8221; _module_preset=&#8221;default&#8221; custom_button=&#8221;on&#8221; button_text_size=&#8221;16px&#8221; button_text_color=&#8221;gcid-c508c0be-c946-4c67-b249-a889fbec4265&#8243; button_bg_color=&#8221;#FFFFFF&#8221; button_border_width=&#8221;10px&#8221; button_border_color=&#8221;rgba(210,159,104,0)&#8221; button_border_radius=&#8221;100px&#8221; button_font=&#8221;Lato|900|||||||&#8221; button_use_icon=&#8221;off&#8221; box_shadow_style=&#8221;preset2&#8243; global_colors_info=&#8221;{%22gcid-c508c0be-c946-4c67-b249-a889fbec4265%22:%91%22button_text_color%22%93}&#8221; button_bg_color__hover=&#8221;rgba(255,255,255,0.66)&#8221; button_bg_color__hover_enabled=&#8221;on|hover&#8221;][\/et_pb_button][\/et_pb_column][et_pb_column type=&#8221;3_5&#8243; _builder_version=&#8221;4.18.0&#8243; _module_preset=&#8221;default&#8221; global_colors_info=&#8221;{}&#8221;][et_pb_code _builder_version=&#8221;4.18.0&#8243; _module_preset=&#8221;default&#8221; global_colors_info=&#8221;{}&#8221;][\/et_pb_code][et_pb_code _builder_version=&#8221;4.19.4&#8243; _module_preset=&#8221;default&#8221; custom_margin=&#8221;||||false|false&#8221; custom_padding=&#8221;||0px|||&#8221; global_colors_info=&#8221;{}&#8221;]<iframe src=\"https:\/\/www.google.com\/maps\/embed?pb=!1m14!1m8!1m3!1d33536.390947704196!2d-1.0732207236063098!3d44.64705558274619!3m2!1i1024!2i768!4f13.1!3m3!1m2!1s0x0%3A0xbbd6ab89829a703a!2sBertrand%20Et%20Fils!5e0!3m2!1sfr!2sfr!4v1670397782747!5m2!1sfr!2sfr\" width=\"100%\" height=\"450\" style=\"border:0;\" allowfullscreen=\"\" loading=\"lazy\" referrerpolicy=\"no-referrer-when-downgrade\"><\/iframe>[\/et_pb_code][\/et_pb_column][\/et_pb_row][\/et_pb_section]<\/p>\n","protected":false},"excerpt":{"rendered":"<p>Bertrand &amp; Sons Located at the heart of the Arcachon basin, our team welcomes you all year around in our shop at Port du Canal. A fully trained technician operates on the Arcachon basin on a daily basis in order to complete our offer.At your side on the Bassin d &#8216;Arcachon Bertrand &amp; Sons Port [&hellip;]<\/p>\n","protected":false},"author":2,"featured_media":0,"parent":0,"menu_order":0,"comment_status":"closed","ping_status":"closed","template":"","meta":{"_et_pb_use_builder":"on","_et_pb_old_content":"","_et_gb_content_width":"","footnotes":""},"class_list":["post-5524","page","type-page","status-publish","hentry"],"yoast_head":"<!-- This site is optimized with the Yoast SEO plugin v27.4 - https:\/\/yoast.com\/product\/yoast-seo-wordpress\/ -->\n<title>Gujan-Mestras - \u00c9tablissements Bertrand<\/title>\n<meta name=\"robots\" content=\"index, follow, max-snippet:-1, max-image-preview:large, max-video-preview:-1\" \/>\n<link rel=\"canonical\" href=\"https:\/\/www.ets-bertrand.com\/en\/gujan-mestras\/\" \/>\n<meta property=\"og:locale\" content=\"en_US\" \/>\n<meta property=\"og:type\" content=\"article\" \/>\n<meta property=\"og:title\" content=\"Gujan-Mestras - \u00c9tablissements Bertrand\" \/>\n<meta property=\"og:description\" content=\"Bertrand &amp; Sons Located at the heart of the Arcachon basin, our team welcomes you all year around in our shop at Port du Canal. A fully trained technician operates on the Arcachon basin on a daily basis in order to complete our offer.At your side on the Bassin d &#039;Arcachon Bertrand &amp; Sons Port [&hellip;]\" \/>\n<meta property=\"og:url\" content=\"https:\/\/www.ets-bertrand.com\/en\/gujan-mestras\/\" \/>\n<meta property=\"og:site_name\" content=\"\u00c9tablissements Bertrand\" \/>\n<meta property=\"article:publisher\" content=\"https:\/\/www.ets-bertrand.com\/laveur-plat\/\" \/>\n<meta property=\"article:modified_time\" content=\"2023-05-27T21:39:37+00:00\" \/>\n<meta property=\"og:image\" content=\"https:\/\/www.ets-bertrand.com\/wp-content\/uploads\/2023\/01\/Capture-decran-2023-01-27-a-09.09.24.jpg\" \/>\n\t<meta property=\"og:image:width\" content=\"821\" \/>\n\t<meta property=\"og:image:height\" content=\"438\" \/>\n\t<meta property=\"og:image:type\" content=\"image\/jpeg\" \/>\n<meta name=\"twitter:card\" content=\"summary_large_image\" \/>\n<script type=\"application\/ld+json\" class=\"yoast-schema-graph\">{\"@context\":\"https:\\\/\\\/schema.org\",\"@graph\":[{\"@type\":\"WebPage\",\"@id\":\"https:\\\/\\\/www.ets-bertrand.com\\\/en\\\/gujan-mestras\\\/\",\"url\":\"https:\\\/\\\/www.ets-bertrand.com\\\/en\\\/gujan-mestras\\\/\",\"name\":\"Gujan-Mestras - \u00c9tablissements Bertrand\",\"isPartOf\":{\"@id\":\"https:\\\/\\\/www.ets-bertrand.com\\\/en\\\/#website\"},\"datePublished\":\"2022-12-07T07:51:55+00:00\",\"dateModified\":\"2023-05-27T21:39:37+00:00\",\"breadcrumb\":{\"@id\":\"https:\\\/\\\/www.ets-bertrand.com\\\/en\\\/gujan-mestras\\\/#breadcrumb\"},\"inLanguage\":\"en-US\",\"potentialAction\":[{\"@type\":\"ReadAction\",\"target\":[\"https:\\\/\\\/www.ets-bertrand.com\\\/en\\\/gujan-mestras\\\/\"]}]},{\"@type\":\"BreadcrumbList\",\"@id\":\"https:\\\/\\\/www.ets-bertrand.com\\\/en\\\/gujan-mestras\\\/#breadcrumb\",\"itemListElement\":[{\"@type\":\"ListItem\",\"position\":1,\"name\":\"Home\",\"item\":\"https:\\\/\\\/www.ets-bertrand.com\\\/en\\\/\"},{\"@type\":\"ListItem\",\"position\":2,\"name\":\"Gujan-Mestras\"}]},{\"@type\":\"WebSite\",\"@id\":\"https:\\\/\\\/www.ets-bertrand.com\\\/en\\\/#website\",\"url\":\"https:\\\/\\\/www.ets-bertrand.com\\\/en\\\/\",\"name\":\"\u00c9tablissements Bertrand\",\"description\":\"Machines et fournitures ostr\u00e9\u00efcoles\",\"publisher\":{\"@id\":\"https:\\\/\\\/www.ets-bertrand.com\\\/en\\\/#organization\"},\"potentialAction\":[{\"@type\":\"SearchAction\",\"target\":{\"@type\":\"EntryPoint\",\"urlTemplate\":\"https:\\\/\\\/www.ets-bertrand.com\\\/en\\\/?s={search_term_string}\"},\"query-input\":{\"@type\":\"PropertyValueSpecification\",\"valueRequired\":true,\"valueName\":\"search_term_string\"}}],\"inLanguage\":\"en-US\"},{\"@type\":\"Organization\",\"@id\":\"https:\\\/\\\/www.ets-bertrand.com\\\/en\\\/#organization\",\"name\":\"Etablissements Bertrand\",\"url\":\"https:\\\/\\\/www.ets-bertrand.com\\\/en\\\/\",\"logo\":{\"@type\":\"ImageObject\",\"inLanguage\":\"en-US\",\"@id\":\"https:\\\/\\\/www.ets-bertrand.com\\\/en\\\/#\\\/schema\\\/logo\\\/image\\\/\",\"url\":\"https:\\\/\\\/www.ets-bertrand.com\\\/wp-content\\\/uploads\\\/2022\\\/12\\\/2022-LOGO-B-COULEUR.png\",\"contentUrl\":\"https:\\\/\\\/www.ets-bertrand.com\\\/wp-content\\\/uploads\\\/2022\\\/12\\\/2022-LOGO-B-COULEUR.png\",\"width\":2663,\"height\":2068,\"caption\":\"Etablissements Bertrand\"},\"image\":{\"@id\":\"https:\\\/\\\/www.ets-bertrand.com\\\/en\\\/#\\\/schema\\\/logo\\\/image\\\/\"},\"sameAs\":[\"https:\\\/\\\/www.ets-bertrand.com\\\/laveur-plat\\\/\"]}]}<\/script>\n<!-- \/ Yoast SEO plugin. -->","yoast_head_json":{"title":"Gujan-Mestras - \u00c9tablissements Bertrand","robots":{"index":"index","follow":"follow","max-snippet":"max-snippet:-1","max-image-preview":"max-image-preview:large","max-video-preview":"max-video-preview:-1"},"canonical":"https:\/\/www.ets-bertrand.com\/en\/gujan-mestras\/","og_locale":"en_US","og_type":"article","og_title":"Gujan-Mestras - \u00c9tablissements Bertrand","og_description":"Bertrand &amp; Sons Located at the heart of the Arcachon basin, our team welcomes you all year around in our shop at Port du Canal. A fully trained technician operates on the Arcachon basin on a daily basis in order to complete our offer.At your side on the Bassin d 'Arcachon Bertrand &amp; Sons Port [&hellip;]","og_url":"https:\/\/www.ets-bertrand.com\/en\/gujan-mestras\/","og_site_name":"\u00c9tablissements Bertrand","article_publisher":"https:\/\/www.ets-bertrand.com\/laveur-plat\/","article_modified_time":"2023-05-27T21:39:37+00:00","og_image":[{"width":821,"height":438,"url":"https:\/\/www.ets-bertrand.com\/wp-content\/uploads\/2023\/01\/Capture-decran-2023-01-27-a-09.09.24.jpg","type":"image\/jpeg"}],"twitter_card":"summary_large_image","schema":{"@context":"https:\/\/schema.org","@graph":[{"@type":"WebPage","@id":"https:\/\/www.ets-bertrand.com\/en\/gujan-mestras\/","url":"https:\/\/www.ets-bertrand.com\/en\/gujan-mestras\/","name":"Gujan-Mestras - \u00c9tablissements Bertrand","isPartOf":{"@id":"https:\/\/www.ets-bertrand.com\/en\/#website"},"datePublished":"2022-12-07T07:51:55+00:00","dateModified":"2023-05-27T21:39:37+00:00","breadcrumb":{"@id":"https:\/\/www.ets-bertrand.com\/en\/gujan-mestras\/#breadcrumb"},"inLanguage":"en-US","potentialAction":[{"@type":"ReadAction","target":["https:\/\/www.ets-bertrand.com\/en\/gujan-mestras\/"]}]},{"@type":"BreadcrumbList","@id":"https:\/\/www.ets-bertrand.com\/en\/gujan-mestras\/#breadcrumb","itemListElement":[{"@type":"ListItem","position":1,"name":"Home","item":"https:\/\/www.ets-bertrand.com\/en\/"},{"@type":"ListItem","position":2,"name":"Gujan-Mestras"}]},{"@type":"WebSite","@id":"https:\/\/www.ets-bertrand.com\/en\/#website","url":"https:\/\/www.ets-bertrand.com\/en\/","name":"\u00c9tablissements Bertrand","description":"Machines et fournitures ostr\u00e9\u00efcoles","publisher":{"@id":"https:\/\/www.ets-bertrand.com\/en\/#organization"},"potentialAction":[{"@type":"SearchAction","target":{"@type":"EntryPoint","urlTemplate":"https:\/\/www.ets-bertrand.com\/en\/?s={search_term_string}"},"query-input":{"@type":"PropertyValueSpecification","valueRequired":true,"valueName":"search_term_string"}}],"inLanguage":"en-US"},{"@type":"Organization","@id":"https:\/\/www.ets-bertrand.com\/en\/#organization","name":"Etablissements Bertrand","url":"https:\/\/www.ets-bertrand.com\/en\/","logo":{"@type":"ImageObject","inLanguage":"en-US","@id":"https:\/\/www.ets-bertrand.com\/en\/#\/schema\/logo\/image\/","url":"https:\/\/www.ets-bertrand.com\/wp-content\/uploads\/2022\/12\/2022-LOGO-B-COULEUR.png","contentUrl":"https:\/\/www.ets-bertrand.com\/wp-content\/uploads\/2022\/12\/2022-LOGO-B-COULEUR.png","width":2663,"height":2068,"caption":"Etablissements Bertrand"},"image":{"@id":"https:\/\/www.ets-bertrand.com\/en\/#\/schema\/logo\/image\/"},"sameAs":["https:\/\/www.ets-bertrand.com\/laveur-plat\/"]}]}},"_links":{"self":[{"href":"https:\/\/www.ets-bertrand.com\/en\/wp-json\/wp\/v2\/pages\/5524","targetHints":{"allow":["GET"]}}],"collection":[{"href":"https:\/\/www.ets-bertrand.com\/en\/wp-json\/wp\/v2\/pages"}],"about":[{"href":"https:\/\/www.ets-bertrand.com\/en\/wp-json\/wp\/v2\/types\/page"}],"author":[{"embeddable":true,"href":"https:\/\/www.ets-bertrand.com\/en\/wp-json\/wp\/v2\/users\/2"}],"replies":[{"embeddable":true,"href":"https:\/\/www.ets-bertrand.com\/en\/wp-json\/wp\/v2\/comments?post=5524"}],"version-history":[{"count":2,"href":"https:\/\/www.ets-bertrand.com\/en\/wp-json\/wp\/v2\/pages\/5524\/revisions"}],"predecessor-version":[{"id":5527,"href":"https:\/\/www.ets-bertrand.com\/en\/wp-json\/wp\/v2\/pages\/5524\/revisions\/5527"}],"wp:attachment":[{"href":"https:\/\/www.ets-bertrand.com\/en\/wp-json\/wp\/v2\/media?parent=5524"}],"curies":[{"name":"wp","href":"https:\/\/api.w.org\/{rel}","templated":true}]}}