{"id":5516,"date":"2022-03-08T12:10:15","date_gmt":"2022-03-08T12:10:15","guid":{"rendered":"https:\/\/www.ets-bertrand.com\/our-history\/"},"modified":"2023-05-27T21:35:36","modified_gmt":"2023-05-27T21:35:36","slug":"our-history","status":"publish","type":"page","link":"https:\/\/www.ets-bertrand.com\/en\/our-history\/","title":{"rendered":"Our history"},"content":{"rendered":"<p>[et_pb_section fb_built=&#8221;1&#8243; admin_label=&#8221;Hero&#8221; _builder_version=&#8221;4.16&#8243; use_background_color_gradient=&#8221;on&#8221; background_color_gradient_direction=&#8221;90deg&#8221; background_color_gradient_stops=&#8221;#f2f2f2 0%|rgba(255,255,255,0) 100%&#8221; background_color_gradient_start=&#8221;rgba(240,242,246,0.5)&#8221; background_color_gradient_end=&#8221;rgba(255,255,255,0)&#8221; custom_padding=&#8221;0|0px|0|0px|false|false&#8221; global_colors_info=&#8221;{}&#8221;][et_pb_row column_structure=&#8221;1_2,1_2&#8243; padding_top_bottom_link_1=&#8221;true&#8221; _builder_version=&#8221;4.18.0&#8243; custom_padding=&#8221;0px|0px|0px|0px|true|false&#8221; global_colors_info=&#8221;{}&#8221;][et_pb_column type=&#8221;1_2&#8243; _builder_version=&#8221;4.18.0&#8243; background_color_gradient_direction=&#8221;270deg&#8221; background_color_gradient_start=&#8221;#ffffff&#8221; background_color_gradient_end=&#8221;rgba(255,255,255,0.8)&#8221; custom_padding=&#8221;||||false|false&#8221; custom_padding_tablet=&#8221;|5%||5%||true&#8221; custom_padding_phone=&#8221;|7%||7%||true&#8221; global_colors_info=&#8221;{}&#8221; padding_phone=&#8221;|7%||7%||true&#8221; padding_tablet=&#8221;|5%||5%||true&#8221; custom_padding__hover=&#8221;|||&#8221;][et_pb_text _builder_version=&#8221;4.19.4&#8243; text_font_size=&#8221;16px&#8221; text_line_height=&#8221;1.8em&#8221; header_font=&#8221;TITRE CONNEQT|700|||||||&#8221; header_text_color=&#8221;gcid-c508c0be-c946-4c67-b249-a889fbec4265&#8243; header_font_size=&#8221;50px&#8221; header_line_height=&#8221;1.5em&#8221; header_3_font=&#8221;Lato|700||on|||||&#8221; header_3_text_color=&#8221;#3550a0&#8243; header_3_font_size=&#8221;20px&#8221; header_3_line_height=&#8221;1.5em&#8221; custom_margin=&#8221;|-117px||||&#8221; custom_margin_tablet=&#8221;|-80px|||false|false&#8221; custom_margin_phone=&#8221;|-50px|||false|false&#8221; custom_margin_last_edited=&#8221;on|phone&#8221; custom_padding=&#8221;29px|30px|70px||false|false&#8221; header_font_size_tablet=&#8221;50px&#8221; header_font_size_phone=&#8221;32px&#8221; header_font_size_last_edited=&#8221;on|tablet&#8221; header_3_font_size_tablet=&#8221;50px&#8221; header_3_font_size_phone=&#8221;32px&#8221; header_3_font_size_last_edited=&#8221;off|desktop&#8221; locked=&#8221;off&#8221; inline_fonts=&#8221;TITRE CONNEQT&#8221; global_colors_info=&#8221;{%22gcid-c508c0be-c946-4c67-b249-a889fbec4265%22:%91%22header_text_color%22%93}&#8221;]<\/p>\n<h1><strong><span style=\"font-family: 'TITRE CONNEQT';\">Our history<\/span><\/strong><\/h1>\n<p>Roger Bertrand was only 23 years old when he set up his own marine forge in Bourcefranc in May 1957. He first worked alone before hiring an iron forger and then workers.<\/p>\n<p>At that time, oyster activity was soaring but disposed of very few mechanical means. Roger Bertrand will therefore get closer to oyster farmers and develop and market his first oyster tables.<\/p>\n<p>[\/et_pb_text][\/et_pb_column][et_pb_column type=&#8221;1_2&#8243; _builder_version=&#8221;4.16&#8243; background_color_gradient_start=&#8221;#3550a0&#8243; background_color_gradient_start_position=&#8221;25%&#8221; background_color_gradient_end=&#8221;rgba(240,242,246,0)&#8221; background_color_gradient_end_position=&#8221;25%&#8221; custom_padding=&#8221;|||&#8221; custom_padding_tablet=&#8221;|0px||0px|false|true&#8221; global_colors_info=&#8221;{}&#8221; padding_tablet=&#8221;|0px||0px|false|true&#8221; custom_padding__hover=&#8221;|||&#8221;][et_pb_image src=&#8221;https:\/\/www.ets-bertrand.com\/wp-content\/uploads\/2022\/12\/HISTOIRE-1.jpg&#8221; title_text=&#8221;HISTOIRE 1&#8243; align_tablet=&#8221;center&#8221; align_phone=&#8221;center&#8221; align_last_edited=&#8221;on|desktop&#8221; _builder_version=&#8221;4.19.4&#8243; use_background_color_gradient=&#8221;on&#8221; background_color_gradient_stops=&#8221;#3550a0 25%|rgba(240,242,246,0) 25%&#8221; background_color_gradient_start=&#8221;#3550a0&#8243; background_color_gradient_start_position=&#8221;25%&#8221; background_color_gradient_end=&#8221;rgba(240,242,246,0)&#8221; background_color_gradient_end_position=&#8221;25%&#8221; width=&#8221;100%&#8221; max_width_last_edited=&#8221;off|desktop&#8221; custom_padding=&#8221;||39px|60px|false|false&#8221; animation_style=&#8221;slide&#8221; animation_direction=&#8221;top&#8221; animation_intensity_slide=&#8221;1%&#8221; box_shadow_style=&#8221;preset4&#8243; box_shadow_horizontal=&#8221;120px&#8221; box_shadow_vertical=&#8221;120px&#8221; box_shadow_spread=&#8221;-60px&#8221; box_shadow_color=&#8221;#f0f2f6&#8243; global_colors_info=&#8221;{}&#8221;][\/et_pb_image][\/et_pb_column][\/et_pb_row][\/et_pb_section][et_pb_section fb_built=&#8221;1&#8243; admin_label=&#8221;About&#8221; _builder_version=&#8221;4.18.0&#8243; min_height=&#8221;404.1px&#8221; custom_margin=&#8221;||0px||false|false&#8221; custom_padding=&#8221;0px|0px|0px|0px|false|false&#8221; global_colors_info=&#8221;{}&#8221;][et_pb_row _builder_version=&#8221;4.18.0&#8243; custom_margin=&#8221;-43px|auto|-43px|auto|true|false&#8221; locked=&#8221;off&#8221; global_colors_info=&#8221;{}&#8221;][et_pb_column type=&#8221;4_4&#8243; _builder_version=&#8221;4.16&#8243; custom_padding=&#8221;|||&#8221; global_colors_info=&#8221;{}&#8221; custom_padding__hover=&#8221;|||&#8221;][et_pb_text _builder_version=&#8221;4.19.4&#8243; _module_preset=&#8221;597f884b-6b5a-40bf-8ee8-db1ab2c6cd2a&#8221; global_colors_info=&#8221;{}&#8221;]<\/p>\n<p style=\"text-align: center;\">Over 60 years tuned to oyster farmers<\/p>\n<p>[\/et_pb_text][\/et_pb_column][\/et_pb_row][et_pb_row column_structure=&#8221;1_4,3_4&#8243; use_custom_gutter=&#8221;on&#8221; gutter_width=&#8221;2&#8243; _builder_version=&#8221;4.19.4&#8243; _module_preset=&#8221;default&#8221; custom_margin=&#8221;54px||||false|false&#8221; custom_padding=&#8221;12px||3px||false|false&#8221; global_colors_info=&#8221;{}&#8221;][et_pb_column type=&#8221;1_4&#8243; _builder_version=&#8221;4.18.0&#8243; _module_preset=&#8221;default&#8221; global_colors_info=&#8221;{}&#8221;][et_pb_image src=&#8221;https:\/\/www.ets-bertrand.com\/wp-content\/uploads\/2022\/12\/HISTOIRE-3.jpg&#8221; title_text=&#8221;HISTOIRE 3&#8243; _builder_version=&#8221;4.19.4&#8243; _module_preset=&#8221;default&#8221; global_colors_info=&#8221;{}&#8221;][\/et_pb_image][\/et_pb_column][et_pb_column type=&#8221;3_4&#8243; _builder_version=&#8221;4.18.0&#8243; _module_preset=&#8221;default&#8221; global_colors_info=&#8221;{}&#8221;][et_pb_text _builder_version=&#8221;4.18.0&#8243; text_font_size=&#8221;16px&#8221; text_line_height=&#8221;1.9em&#8221; header_font=&#8221;||||||||&#8221; header_2_font=&#8221;Playfair Display|700|||||||&#8221; header_2_font_size=&#8221;40px&#8221; header_2_line_height=&#8221;1.5em&#8221; header_6_font=&#8221;||||||||&#8221; max_width=&#8221;907px&#8221; max_width_last_edited=&#8221;off|desktop&#8221; module_alignment=&#8221;center&#8221; min_height=&#8221;164.2px&#8221; header_2_font_size_tablet=&#8221;30px&#8221; header_2_font_size_phone=&#8221;24px&#8221; header_2_font_size_last_edited=&#8221;on|phone&#8221; global_colors_info=&#8221;{}&#8221;]<\/p>\n<p>Roger Bertrand will so get closer to oyster farmers and due to this close relationship, market his first oyster tables.<\/p>\n<p>During the 70s, Roger Bertrand will manufacture a tubular boiling water tank, the first oyster machine on the market and the first step of oyster farming towards mechanization.<\/p>\n<p>A year after its launch on the market, a hundred of tubular boiling water tanks have been sold.<\/p>\n<p>[\/et_pb_text][\/et_pb_column][\/et_pb_row][et_pb_row column_structure=&#8221;1_3,1_3,1_3&#8243; use_custom_gutter=&#8221;on&#8221; gutter_width=&#8221;2&#8243; _builder_version=&#8221;4.19.4&#8243; _module_preset=&#8221;default&#8221; custom_padding=&#8221;60px||0px|||&#8221; global_colors_info=&#8221;{}&#8221;][et_pb_column type=&#8221;1_3&#8243; _builder_version=&#8221;4.18.0&#8243; _module_preset=&#8221;default&#8221; global_colors_info=&#8221;{}&#8221;][et_pb_text _builder_version=&#8221;4.19.4&#8243; _module_preset=&#8221;default&#8221; text_font=&#8221;Police texte &#8211; Oblivian|500|||||||&#8221; text_font_size=&#8221;16px&#8221; text_orientation=&#8221;center&#8221; global_colors_info=&#8221;{}&#8221;]<\/p>\n<p style=\"text-align: left;\">During the 80s, a Belgian machine designed to cut Brussel sprouts gave the idea to Roger Bertrand to develop the spat collecting machine.<\/p>\n<p style=\"text-align: left;\">\n<p style=\"text-align: left;\">The 90s saw the soar of stainless steel and the first electronic weight grader was born within Bertrand Company.<\/p>\n<p>[\/et_pb_text][\/et_pb_column][et_pb_column type=&#8221;1_3&#8243; _builder_version=&#8221;4.18.0&#8243; _module_preset=&#8221;default&#8221; global_colors_info=&#8221;{}&#8221;][et_pb_image src=&#8221;https:\/\/www.ets-bertrand.com\/wp-content\/uploads\/2022\/12\/HISTOIRE-2.jpg&#8221; title_text=&#8221;HISTOIRE 2&#8243; _builder_version=&#8221;4.19.4&#8243; _module_preset=&#8221;default&#8221; global_colors_info=&#8221;{}&#8221;][\/et_pb_image][\/et_pb_column][et_pb_column type=&#8221;1_3&#8243; _builder_version=&#8221;4.18.0&#8243; _module_preset=&#8221;default&#8221; global_colors_info=&#8221;{}&#8221;][et_pb_text _builder_version=&#8221;4.18.0&#8243; _module_preset=&#8221;default&#8221; text_font=&#8221;Police texte &#8211; Oblivian|500|||||||&#8221; text_font_size=&#8221;16px&#8221; global_colors_info=&#8221;{}&#8221;]<\/p>\n<p style=\"text-align: left;\">As a precursor, this grader won&#8217;t be marketed, too far ahead of its time, the market wasn&#8217;t ready yet.<\/p>\n<p style=\"text-align: left;\">This was for another time! In 2004, Roger Bertrand developped and manufactured a visual grader with automatic feeding which received a well-deserved success.<\/p>\n<p>[\/et_pb_text][\/et_pb_column][\/et_pb_row][et_pb_row column_structure=&#8221;1_4,3_4&#8243; make_equal=&#8221;on&#8221; _builder_version=&#8221;4.18.0&#8243; _module_preset=&#8221;default&#8221; custom_margin=&#8221;|auto|0px|auto|false|false&#8221; custom_padding=&#8221;60px|0px|60px||false|false&#8221; global_colors_info=&#8221;{}&#8221;][et_pb_column type=&#8221;1_4&#8243; _builder_version=&#8221;4.18.0&#8243; _module_preset=&#8221;default&#8221; global_colors_info=&#8221;{}&#8221;][et_pb_image src=&#8221;https:\/\/www.ets-bertrand.com\/wp-content\/uploads\/2022\/12\/1627831292780.jpg&#8221; title_text=&#8221;Left: Alexandre Bonnat Right: Charles Bertrand&#8221; _builder_version=&#8221;4.19.4&#8243; _module_preset=&#8221;default&#8221; hover_enabled=&#8221;0&#8243; global_colors_info=&#8221;{}&#8221; align=&#8221;center&#8221; sticky_enabled=&#8221;0&#8243;][\/et_pb_image][et_pb_text _builder_version=&#8221;4.19.4&#8243; _module_preset=&#8221;default&#8221; text_font=&#8221;Police texte &#8211; Oblivian||on||||||&#8221; text_font_size=&#8221;11px&#8221; text_line_height=&#8221;1em&#8221; text_orientation=&#8221;center&#8221; width=&#8221;100%&#8221; max_width=&#8221;100%&#8221; module_alignment=&#8221;right&#8221; global_colors_info=&#8221;{}&#8221;]<\/p>\n<p style=\"text-align: center;\">Left: Alexandre Bonnat<\/p>\n<p style=\"text-align: center;\">Right: Charles Bertrand<\/p>\n<p>[\/et_pb_text][\/et_pb_column][et_pb_column type=&#8221;3_4&#8243; _builder_version=&#8221;4.18.0&#8243; _module_preset=&#8221;default&#8221; global_colors_info=&#8221;{}&#8221;][et_pb_text _builder_version=&#8221;4.18.0&#8243; _module_preset=&#8221;default&#8221; text_font_size=&#8221;16px&#8221; global_colors_info=&#8221;{}&#8221;]<\/p>\n<p>In June 2021, Charles Bertrand, who was running the Bertrand Company since 1996, handed over the company to Alexandre Bonnat. Alexandre Bonnat, 45 years old, relying on his 20 years of experience in the industry and an engineering training completed with an IAE (Institute of Business Administration) degree in La Sorbonne (Paris) was looking for the taking over of an SME company in New Aquitaine and Bertrand Company met all his criteria :<\/p>\n<p>\u00ab I was looking for a human-sized company but large enough to be structured, benefitting from a know-how recognized on a niche market, with a diversified field of activity and a great growth potential, which isn&#8217;t easy since really rare and much sought-after.&#8221;<\/p>\n<p>Bertrand Company, with its 20 employees in Marennes and 5 in Gujan-Mestras was exactly what I was looking for and the contact with Charles went immediately very well.\u00bb<\/p>\n<p>Flashback on a family company which has known how to innovate, adapt and thus participate to the modernization of the oyster activity.<\/p>\n<p>[\/et_pb_text][\/et_pb_column][\/et_pb_row][\/et_pb_section]<\/p>\n","protected":false},"excerpt":{"rendered":"<p>Our history Roger Bertrand was only 23 years old when he set up his own marine forge in Bourcefranc in May 1957. He first worked alone before hiring an iron forger and then workers. At that time, oyster activity was soaring but disposed of very few mechanical means. Roger Bertrand will therefore get closer to [&hellip;]<\/p>\n","protected":false},"author":1,"featured_media":0,"parent":0,"menu_order":0,"comment_status":"closed","ping_status":"closed","template":"","meta":{"_et_pb_use_builder":"on","_et_pb_old_content":"","_et_gb_content_width":"","footnotes":""},"class_list":["post-5516","page","type-page","status-publish","hentry"],"yoast_head":"<!-- This site is optimized with the Yoast SEO plugin v27.4 - https:\/\/yoast.com\/product\/yoast-seo-wordpress\/ -->\n<title>Our history - \u00c9tablissements Bertrand<\/title>\n<meta name=\"robots\" content=\"index, follow, max-snippet:-1, max-image-preview:large, max-video-preview:-1\" \/>\n<link rel=\"canonical\" href=\"https:\/\/www.ets-bertrand.com\/en\/our-history\/\" \/>\n<meta property=\"og:locale\" content=\"en_US\" \/>\n<meta property=\"og:type\" content=\"article\" \/>\n<meta property=\"og:title\" content=\"Our history - \u00c9tablissements Bertrand\" \/>\n<meta property=\"og:description\" content=\"Our history Roger Bertrand was only 23 years old when he set up his own marine forge in Bourcefranc in May 1957. He first worked alone before hiring an iron forger and then workers. At that time, oyster activity was soaring but disposed of very few mechanical means. Roger Bertrand will therefore get closer to [&hellip;]\" \/>\n<meta property=\"og:url\" content=\"https:\/\/www.ets-bertrand.com\/en\/our-history\/\" \/>\n<meta property=\"og:site_name\" content=\"\u00c9tablissements Bertrand\" \/>\n<meta property=\"article:publisher\" content=\"https:\/\/www.ets-bertrand.com\/laveur-plat\/\" \/>\n<meta property=\"article:modified_time\" content=\"2023-05-27T21:35:36+00:00\" \/>\n<meta property=\"og:image\" content=\"https:\/\/www.ets-bertrand.com\/wp-content\/uploads\/2023\/01\/Capture-decran-2023-01-27-a-09.09.24.jpg\" \/>\n\t<meta property=\"og:image:width\" content=\"821\" \/>\n\t<meta property=\"og:image:height\" content=\"438\" \/>\n\t<meta property=\"og:image:type\" content=\"image\/jpeg\" \/>\n<meta name=\"twitter:card\" content=\"summary_large_image\" \/>\n<script type=\"application\/ld+json\" class=\"yoast-schema-graph\">{\"@context\":\"https:\\\/\\\/schema.org\",\"@graph\":[{\"@type\":\"WebPage\",\"@id\":\"https:\\\/\\\/www.ets-bertrand.com\\\/en\\\/our-history\\\/\",\"url\":\"https:\\\/\\\/www.ets-bertrand.com\\\/en\\\/our-history\\\/\",\"name\":\"Our history - \u00c9tablissements Bertrand\",\"isPartOf\":{\"@id\":\"https:\\\/\\\/www.ets-bertrand.com\\\/en\\\/#website\"},\"datePublished\":\"2022-03-08T12:10:15+00:00\",\"dateModified\":\"2023-05-27T21:35:36+00:00\",\"breadcrumb\":{\"@id\":\"https:\\\/\\\/www.ets-bertrand.com\\\/en\\\/our-history\\\/#breadcrumb\"},\"inLanguage\":\"en-US\",\"potentialAction\":[{\"@type\":\"ReadAction\",\"target\":[\"https:\\\/\\\/www.ets-bertrand.com\\\/en\\\/our-history\\\/\"]}]},{\"@type\":\"BreadcrumbList\",\"@id\":\"https:\\\/\\\/www.ets-bertrand.com\\\/en\\\/our-history\\\/#breadcrumb\",\"itemListElement\":[{\"@type\":\"ListItem\",\"position\":1,\"name\":\"Home\",\"item\":\"https:\\\/\\\/www.ets-bertrand.com\\\/en\\\/\"},{\"@type\":\"ListItem\",\"position\":2,\"name\":\"Our history\"}]},{\"@type\":\"WebSite\",\"@id\":\"https:\\\/\\\/www.ets-bertrand.com\\\/en\\\/#website\",\"url\":\"https:\\\/\\\/www.ets-bertrand.com\\\/en\\\/\",\"name\":\"\u00c9tablissements Bertrand\",\"description\":\"Machines et fournitures ostr\u00e9\u00efcoles\",\"publisher\":{\"@id\":\"https:\\\/\\\/www.ets-bertrand.com\\\/en\\\/#organization\"},\"potentialAction\":[{\"@type\":\"SearchAction\",\"target\":{\"@type\":\"EntryPoint\",\"urlTemplate\":\"https:\\\/\\\/www.ets-bertrand.com\\\/en\\\/?s={search_term_string}\"},\"query-input\":{\"@type\":\"PropertyValueSpecification\",\"valueRequired\":true,\"valueName\":\"search_term_string\"}}],\"inLanguage\":\"en-US\"},{\"@type\":\"Organization\",\"@id\":\"https:\\\/\\\/www.ets-bertrand.com\\\/en\\\/#organization\",\"name\":\"Etablissements Bertrand\",\"url\":\"https:\\\/\\\/www.ets-bertrand.com\\\/en\\\/\",\"logo\":{\"@type\":\"ImageObject\",\"inLanguage\":\"en-US\",\"@id\":\"https:\\\/\\\/www.ets-bertrand.com\\\/en\\\/#\\\/schema\\\/logo\\\/image\\\/\",\"url\":\"https:\\\/\\\/www.ets-bertrand.com\\\/wp-content\\\/uploads\\\/2022\\\/12\\\/2022-LOGO-B-COULEUR.png\",\"contentUrl\":\"https:\\\/\\\/www.ets-bertrand.com\\\/wp-content\\\/uploads\\\/2022\\\/12\\\/2022-LOGO-B-COULEUR.png\",\"width\":2663,\"height\":2068,\"caption\":\"Etablissements Bertrand\"},\"image\":{\"@id\":\"https:\\\/\\\/www.ets-bertrand.com\\\/en\\\/#\\\/schema\\\/logo\\\/image\\\/\"},\"sameAs\":[\"https:\\\/\\\/www.ets-bertrand.com\\\/laveur-plat\\\/\"]}]}<\/script>\n<!-- \/ Yoast SEO plugin. -->","yoast_head_json":{"title":"Our history - \u00c9tablissements Bertrand","robots":{"index":"index","follow":"follow","max-snippet":"max-snippet:-1","max-image-preview":"max-image-preview:large","max-video-preview":"max-video-preview:-1"},"canonical":"https:\/\/www.ets-bertrand.com\/en\/our-history\/","og_locale":"en_US","og_type":"article","og_title":"Our history - \u00c9tablissements Bertrand","og_description":"Our history Roger Bertrand was only 23 years old when he set up his own marine forge in Bourcefranc in May 1957. He first worked alone before hiring an iron forger and then workers. At that time, oyster activity was soaring but disposed of very few mechanical means. Roger Bertrand will therefore get closer to [&hellip;]","og_url":"https:\/\/www.ets-bertrand.com\/en\/our-history\/","og_site_name":"\u00c9tablissements Bertrand","article_publisher":"https:\/\/www.ets-bertrand.com\/laveur-plat\/","article_modified_time":"2023-05-27T21:35:36+00:00","og_image":[{"width":821,"height":438,"url":"https:\/\/www.ets-bertrand.com\/wp-content\/uploads\/2023\/01\/Capture-decran-2023-01-27-a-09.09.24.jpg","type":"image\/jpeg"}],"twitter_card":"summary_large_image","schema":{"@context":"https:\/\/schema.org","@graph":[{"@type":"WebPage","@id":"https:\/\/www.ets-bertrand.com\/en\/our-history\/","url":"https:\/\/www.ets-bertrand.com\/en\/our-history\/","name":"Our history - \u00c9tablissements Bertrand","isPartOf":{"@id":"https:\/\/www.ets-bertrand.com\/en\/#website"},"datePublished":"2022-03-08T12:10:15+00:00","dateModified":"2023-05-27T21:35:36+00:00","breadcrumb":{"@id":"https:\/\/www.ets-bertrand.com\/en\/our-history\/#breadcrumb"},"inLanguage":"en-US","potentialAction":[{"@type":"ReadAction","target":["https:\/\/www.ets-bertrand.com\/en\/our-history\/"]}]},{"@type":"BreadcrumbList","@id":"https:\/\/www.ets-bertrand.com\/en\/our-history\/#breadcrumb","itemListElement":[{"@type":"ListItem","position":1,"name":"Home","item":"https:\/\/www.ets-bertrand.com\/en\/"},{"@type":"ListItem","position":2,"name":"Our history"}]},{"@type":"WebSite","@id":"https:\/\/www.ets-bertrand.com\/en\/#website","url":"https:\/\/www.ets-bertrand.com\/en\/","name":"\u00c9tablissements Bertrand","description":"Machines et fournitures ostr\u00e9\u00efcoles","publisher":{"@id":"https:\/\/www.ets-bertrand.com\/en\/#organization"},"potentialAction":[{"@type":"SearchAction","target":{"@type":"EntryPoint","urlTemplate":"https:\/\/www.ets-bertrand.com\/en\/?s={search_term_string}"},"query-input":{"@type":"PropertyValueSpecification","valueRequired":true,"valueName":"search_term_string"}}],"inLanguage":"en-US"},{"@type":"Organization","@id":"https:\/\/www.ets-bertrand.com\/en\/#organization","name":"Etablissements Bertrand","url":"https:\/\/www.ets-bertrand.com\/en\/","logo":{"@type":"ImageObject","inLanguage":"en-US","@id":"https:\/\/www.ets-bertrand.com\/en\/#\/schema\/logo\/image\/","url":"https:\/\/www.ets-bertrand.com\/wp-content\/uploads\/2022\/12\/2022-LOGO-B-COULEUR.png","contentUrl":"https:\/\/www.ets-bertrand.com\/wp-content\/uploads\/2022\/12\/2022-LOGO-B-COULEUR.png","width":2663,"height":2068,"caption":"Etablissements Bertrand"},"image":{"@id":"https:\/\/www.ets-bertrand.com\/en\/#\/schema\/logo\/image\/"},"sameAs":["https:\/\/www.ets-bertrand.com\/laveur-plat\/"]}]}},"_links":{"self":[{"href":"https:\/\/www.ets-bertrand.com\/en\/wp-json\/wp\/v2\/pages\/5516","targetHints":{"allow":["GET"]}}],"collection":[{"href":"https:\/\/www.ets-bertrand.com\/en\/wp-json\/wp\/v2\/pages"}],"about":[{"href":"https:\/\/www.ets-bertrand.com\/en\/wp-json\/wp\/v2\/types\/page"}],"author":[{"embeddable":true,"href":"https:\/\/www.ets-bertrand.com\/en\/wp-json\/wp\/v2\/users\/1"}],"replies":[{"embeddable":true,"href":"https:\/\/www.ets-bertrand.com\/en\/wp-json\/wp\/v2\/comments?post=5516"}],"version-history":[{"count":2,"href":"https:\/\/www.ets-bertrand.com\/en\/wp-json\/wp\/v2\/pages\/5516\/revisions"}],"predecessor-version":[{"id":5519,"href":"https:\/\/www.ets-bertrand.com\/en\/wp-json\/wp\/v2\/pages\/5516\/revisions\/5519"}],"wp:attachment":[{"href":"https:\/\/www.ets-bertrand.com\/en\/wp-json\/wp\/v2\/media?parent=5516"}],"curies":[{"name":"wp","href":"https:\/\/api.w.org\/{rel}","templated":true}]}}